{"id":15394,"date":"2022-06-07T10:15:31","date_gmt":"2022-06-07T07:15:31","guid":{"rendered":"https:\/\/kehagioglou.eproductions.gr\/specializimi\/"},"modified":"2022-07-12T14:52:49","modified_gmt":"2022-07-12T11:52:49","slug":"specializimi","status":"publish","type":"page","link":"https:\/\/sakiskehagioglou.gr\/sq\/specializimi\/","title":{"rendered":"SPECIALIZIMI"},"content":{"rendered":"\t\t<div data-elementor-type=\"wp-page\" data-elementor-id=\"15394\" class=\"elementor elementor-15394 elementor-14264\">\n\t\t\t\t\t\t<section class=\"elementor-section elementor-top-section elementor-element elementor-element-dd74319 elementor-section-full_width qodef-section-title-text-holder-yes elementor-section-height-default elementor-section-height-default qodef-elementor-content-no qodef-elementor-back-btn-skin-default qodef-section-line-animation-holder-no\" data-id=\"dd74319\" data-element_type=\"section\" data-e-type=\"section\">\n\t\t\t\t\t\t<div class=\"elementor-container elementor-column-gap-default\">\n\t\t\t\t\t<div class=\"elementor-column elementor-col-100 elementor-top-column elementor-element elementor-element-80c7eb9\" data-id=\"80c7eb9\" data-element_type=\"column\" data-e-type=\"column\">\n\t\t\t<div class=\"elementor-widget-wrap elementor-element-populated\">\n\t\t\t\t\t\t<div class=\"elementor-element elementor-element-be02c55 elementor-widget elementor-widget-image\" data-id=\"be02c55\" data-element_type=\"widget\" data-e-type=\"widget\" data-widget_type=\"image.default\">\n\t\t\t\t<div class=\"elementor-widget-container\">\n\t\t\t\t\t\t\t\t\t\t\t\t\t\t\t<img fetchpriority=\"high\" decoding=\"async\" width=\"1680\" height=\"800\" src=\"https:\/\/sakiskehagioglou.gr\/wp-content\/uploads\/2022\/06\/eksidikefsi-header.jpg\" class=\"attachment-full size-full wp-image-14267\" alt=\"\" srcset=\"https:\/\/sakiskehagioglou.gr\/wp-content\/uploads\/2022\/06\/eksidikefsi-header.jpg 1680w, https:\/\/sakiskehagioglou.gr\/wp-content\/uploads\/2022\/06\/eksidikefsi-header-300x143.jpg 300w, https:\/\/sakiskehagioglou.gr\/wp-content\/uploads\/2022\/06\/eksidikefsi-header-1024x488.jpg 1024w, https:\/\/sakiskehagioglou.gr\/wp-content\/uploads\/2022\/06\/eksidikefsi-header-768x366.jpg 768w, https:\/\/sakiskehagioglou.gr\/wp-content\/uploads\/2022\/06\/eksidikefsi-header-1536x731.jpg 1536w\" sizes=\"(max-width: 1680px) 100vw, 1680px\" \/>\t\t\t\t\t\t\t\t\t\t\t\t\t\t\t<\/div>\n\t\t\t\t<\/div>\n\t\t\t\t\t<\/div>\n\t\t<\/div>\n\t\t\t\t\t<\/div>\n\t\t<\/section>\n\t\t\t\t<section class=\"elementor-section elementor-top-section elementor-element elementor-element-66a31a2 elementor-section-full_width qodef-elementor-content-grid elementor-section-height-default elementor-section-height-default qodef-elementor-back-btn-skin-default qodef-section-title-text-holder-no qodef-section-line-animation-holder-no\" data-id=\"66a31a2\" data-element_type=\"section\" data-e-type=\"section\" data-settings=\"{&quot;background_background&quot;:&quot;classic&quot;}\">\n\t\t\t\t\t\t<div class=\"elementor-container elementor-column-gap-default\">\n\t\t\t\t\t<div class=\"elementor-column elementor-col-100 elementor-top-column elementor-element elementor-element-46ececaa\" data-id=\"46ececaa\" data-element_type=\"column\" data-e-type=\"column\">\n\t\t\t<div class=\"elementor-widget-wrap elementor-element-populated\">\n\t\t\t\t\t\t<div class=\"elementor-element elementor-element-16d79f9 elementor-widget elementor-widget-madelyn_core_section_title\" data-id=\"16d79f9\" data-element_type=\"widget\" data-e-type=\"widget\" data-widget_type=\"madelyn_core_section_title.default\">\n\t\t\t\t<div class=\"elementor-widget-container\">\n\t\t\t\t\t<div class=\"qodef-shortcode qodef-m  qodef-section-title qodef-alignment--left   \">\n\t\t<h2 class=\"qodef-m-title\" >\n\t\t\t\t\tE DREJTA PENALE\t\t\t<\/h2>\n\t\t<\/div>\n\t\t\t\t<\/div>\n\t\t\t\t<\/div>\n\t\t\t\t\t<\/div>\n\t\t<\/div>\n\t\t\t\t\t<\/div>\n\t\t<\/section>\n\t\t\t\t<section class=\"elementor-section elementor-top-section elementor-element elementor-element-c0bf6c9 elementor-section-full_width qodef-elementor-content-grid elementor-section-height-default elementor-section-height-default qodef-elementor-back-btn-skin-default qodef-section-title-text-holder-no qodef-section-line-animation-holder-no\" data-id=\"c0bf6c9\" data-element_type=\"section\" data-e-type=\"section\" data-settings=\"{&quot;background_background&quot;:&quot;classic&quot;}\">\n\t\t\t\t\t\t<div class=\"elementor-container elementor-column-gap-default\">\n\t\t\t\t\t<div class=\"elementor-column elementor-col-50 elementor-top-column elementor-element elementor-element-688b3cc\" data-id=\"688b3cc\" data-element_type=\"column\" data-e-type=\"column\">\n\t\t\t<div class=\"elementor-widget-wrap elementor-element-populated\">\n\t\t\t\t\t\t<div class=\"elementor-element elementor-element-49aa8f6 elementor-widget elementor-widget-text-editor\" data-id=\"49aa8f6\" data-element_type=\"widget\" data-e-type=\"widget\" data-widget_type=\"text-editor.default\">\n\t\t\t\t<div class=\"elementor-widget-container\">\n\t\t\t\t\t\t\t\t\t<p data-uw-styling-context=\"true\">L\u00ebnd\u00ebt Narkotike<\/p>\t\t\t\t\t\t\t\t<\/div>\n\t\t\t\t<\/div>\n\t\t\t\t<div class=\"elementor-element elementor-element-c1289ae elementor-widget-divider--view-line elementor-widget elementor-widget-divider\" data-id=\"c1289ae\" data-element_type=\"widget\" data-e-type=\"widget\" data-widget_type=\"divider.default\">\n\t\t\t\t<div class=\"elementor-widget-container\">\n\t\t\t\t\t\t\t<div class=\"elementor-divider\">\n\t\t\t<span class=\"elementor-divider-separator\">\n\t\t\t\t\t\t<\/span>\n\t\t<\/div>\n\t\t\t\t\t\t<\/div>\n\t\t\t\t<\/div>\n\t\t\t\t<div class=\"elementor-element elementor-element-cfef820 elementor-widget elementor-widget-text-editor\" data-id=\"cfef820\" data-element_type=\"widget\" data-e-type=\"widget\" data-widget_type=\"text-editor.default\">\n\t\t\t\t<div class=\"elementor-widget-container\">\n\t\t\t\t\t\t\t\t\t<p data-uw-styling-context=\"true\">Krimet Ekonomike<\/p>\t\t\t\t\t\t\t\t<\/div>\n\t\t\t\t<\/div>\n\t\t\t\t<div class=\"elementor-element elementor-element-6f6358b elementor-widget-divider--view-line elementor-widget elementor-widget-divider\" data-id=\"6f6358b\" data-element_type=\"widget\" data-e-type=\"widget\" data-widget_type=\"divider.default\">\n\t\t\t\t<div class=\"elementor-widget-container\">\n\t\t\t\t\t\t\t<div class=\"elementor-divider\">\n\t\t\t<span class=\"elementor-divider-separator\">\n\t\t\t\t\t\t<\/span>\n\t\t<\/div>\n\t\t\t\t\t\t<\/div>\n\t\t\t\t<\/div>\n\t\t\t\t<div class=\"elementor-element elementor-element-9fafd74 elementor-widget elementor-widget-text-editor\" data-id=\"9fafd74\" data-element_type=\"widget\" data-e-type=\"widget\" data-widget_type=\"text-editor.default\">\n\t\t\t\t<div class=\"elementor-widget-container\">\n\t\t\t\t\t\t\t\t\t<p data-uw-styling-context=\"true\">Krimet Kompjuterike<\/p>\t\t\t\t\t\t\t\t<\/div>\n\t\t\t\t<\/div>\n\t\t\t\t<div class=\"elementor-element elementor-element-e1bf16a elementor-widget-divider--view-line elementor-widget elementor-widget-divider\" data-id=\"e1bf16a\" data-element_type=\"widget\" data-e-type=\"widget\" data-widget_type=\"divider.default\">\n\t\t\t\t<div class=\"elementor-widget-container\">\n\t\t\t\t\t\t\t<div class=\"elementor-divider\">\n\t\t\t<span class=\"elementor-divider-separator\">\n\t\t\t\t\t\t<\/span>\n\t\t<\/div>\n\t\t\t\t\t\t<\/div>\n\t\t\t\t<\/div>\n\t\t\t\t<div class=\"elementor-element elementor-element-4fd2fc8 elementor-widget elementor-widget-text-editor\" data-id=\"4fd2fc8\" data-element_type=\"widget\" data-e-type=\"widget\" data-widget_type=\"text-editor.default\">\n\t\t\t\t<div class=\"elementor-widget-container\">\n\t\t\t\t\t\t\t\t\t<p data-uw-styling-context=\"true\">Krimet ndaj pron\u00ebs<\/p>\t\t\t\t\t\t\t\t<\/div>\n\t\t\t\t<\/div>\n\t\t\t\t<div class=\"elementor-element elementor-element-8b3deb8 elementor-widget-divider--view-line elementor-widget elementor-widget-divider\" data-id=\"8b3deb8\" data-element_type=\"widget\" data-e-type=\"widget\" data-widget_type=\"divider.default\">\n\t\t\t\t<div class=\"elementor-widget-container\">\n\t\t\t\t\t\t\t<div class=\"elementor-divider\">\n\t\t\t<span class=\"elementor-divider-separator\">\n\t\t\t\t\t\t<\/span>\n\t\t<\/div>\n\t\t\t\t\t\t<\/div>\n\t\t\t\t<\/div>\n\t\t\t\t<div class=\"elementor-element elementor-element-6aa9268 elementor-widget elementor-widget-text-editor\" data-id=\"6aa9268\" data-element_type=\"widget\" data-e-type=\"widget\" data-widget_type=\"text-editor.default\">\n\t\t\t\t<div class=\"elementor-widget-container\">\n\t\t\t\t\t\t\t\t\t<p data-uw-styling-context=\"true\">Krimet ndaj t\u00eb drejtave pasurore<\/p>\t\t\t\t\t\t\t\t<\/div>\n\t\t\t\t<\/div>\n\t\t\t\t<div class=\"elementor-element elementor-element-d1c47e8 elementor-widget-divider--view-line elementor-widget elementor-widget-divider\" data-id=\"d1c47e8\" data-element_type=\"widget\" data-e-type=\"widget\" data-widget_type=\"divider.default\">\n\t\t\t\t<div class=\"elementor-widget-container\">\n\t\t\t\t\t\t\t<div class=\"elementor-divider\">\n\t\t\t<span class=\"elementor-divider-separator\">\n\t\t\t\t\t\t<\/span>\n\t\t<\/div>\n\t\t\t\t\t\t<\/div>\n\t\t\t\t<\/div>\n\t\t\t\t<div class=\"elementor-element elementor-element-c71f6c6 elementor-widget elementor-widget-text-editor\" data-id=\"c71f6c6\" data-element_type=\"widget\" data-e-type=\"widget\" data-widget_type=\"text-editor.default\">\n\t\t\t\t<div class=\"elementor-widget-container\">\n\t\t\t\t\t\t\t\t\t<p data-uw-styling-context=\"true\">\u0395\u03b3\u03ba\u03bb\u03ae\u03bc\u03b1\u03c4\u03b1 \u03ba\u03b1\u03c4\u03ac \u03c4\u03b7\u03c2 \u03b6\u03c9\u03ae\u03c2<\/p>\t\t\t\t\t\t\t\t<\/div>\n\t\t\t\t<\/div>\n\t\t\t\t<div class=\"elementor-element elementor-element-68c17d5 elementor-widget-divider--view-line elementor-widget elementor-widget-divider\" data-id=\"68c17d5\" data-element_type=\"widget\" data-e-type=\"widget\" data-widget_type=\"divider.default\">\n\t\t\t\t<div class=\"elementor-widget-container\">\n\t\t\t\t\t\t\t<div class=\"elementor-divider\">\n\t\t\t<span class=\"elementor-divider-separator\">\n\t\t\t\t\t\t<\/span>\n\t\t<\/div>\n\t\t\t\t\t\t<\/div>\n\t\t\t\t<\/div>\n\t\t\t\t\t<\/div>\n\t\t<\/div>\n\t\t\t\t<div class=\"elementor-column elementor-col-50 elementor-top-column elementor-element elementor-element-20fa0b2\" data-id=\"20fa0b2\" data-element_type=\"column\" data-e-type=\"column\">\n\t\t\t<div class=\"elementor-widget-wrap\">\n\t\t\t\t\t\t\t<\/div>\n\t\t<\/div>\n\t\t\t\t\t<\/div>\n\t\t<\/section>\n\t\t\t\t<section class=\"elementor-section elementor-top-section elementor-element elementor-element-698b3661 elementor-section-full_width elementor-section-height-default elementor-section-height-default qodef-elementor-content-no qodef-elementor-back-btn-skin-default qodef-section-title-text-holder-no qodef-section-line-animation-holder-no\" data-id=\"698b3661\" data-element_type=\"section\" data-e-type=\"section\">\n\t\t\t\t\t\t<div class=\"elementor-container elementor-column-gap-default\">\n\t\t\t\t\t<div class=\"elementor-column elementor-col-100 elementor-top-column elementor-element elementor-element-6241106c\" data-id=\"6241106c\" data-element_type=\"column\" data-e-type=\"column\">\n\t\t\t<div class=\"elementor-widget-wrap elementor-element-populated\">\n\t\t\t\t\t\t<div class=\"elementor-element elementor-element-8d081e1 elementor-widget elementor-widget-madelyn_core_image_gallery\" data-id=\"8d081e1\" data-element_type=\"widget\" data-e-type=\"widget\" data-widget_type=\"madelyn_core_image_gallery.default\">\n\t\t\t\t<div class=\"elementor-widget-container\">\n\t\t\t\t\t<div class=\"qodef-shortcode qodef-m  qodef-image-gallery qodef-magnific-popup qodef-popup-gallery  qodef-grid qodef-layout--masonry  qodef-gutter--normal qodef-col-num--2  qodef-responsive--predefined\">\n\t<div class=\"qodef-grid-inner clear\">\n\t\t\t<div class=\"qodef-grid-masonry-sizer\"><\/div>\n\t<div class=\"qodef-grid-masonry-gutter\"><\/div>\n<div class=\"qodef-e qodef-image-wrapper qodef-grid-item \">\n\t\t\t<a class=\"qodef-popup-item\" itemprop=\"image\" href=\"https:\/\/sakiskehagioglou.gr\/wp-content\/uploads\/2022\/06\/eksidikefsi-02.jpg\" data-type=\"image\" title=\"\">\n\t\t\t<img decoding=\"async\" width=\"1000\" height=\"563\" src=\"https:\/\/sakiskehagioglou.gr\/wp-content\/uploads\/2022\/06\/eksidikefsi-02.jpg\" class=\"attachment-full size-full\" alt=\"\" srcset=\"https:\/\/sakiskehagioglou.gr\/wp-content\/uploads\/2022\/06\/eksidikefsi-02.jpg 1000w, https:\/\/sakiskehagioglou.gr\/wp-content\/uploads\/2022\/06\/eksidikefsi-02-300x169.jpg 300w, https:\/\/sakiskehagioglou.gr\/wp-content\/uploads\/2022\/06\/eksidikefsi-02-768x432.jpg 768w\" sizes=\"(max-width: 1000px) 100vw, 1000px\" \/>\t\t\t<\/a>\n\t<\/div>\n<div class=\"qodef-e qodef-image-wrapper qodef-grid-item \">\n\t\t\t<a class=\"qodef-popup-item\" itemprop=\"image\" href=\"https:\/\/sakiskehagioglou.gr\/wp-content\/uploads\/2022\/06\/eksidikefsi-04.jpg\" data-type=\"image\" title=\"\">\n\t\t\t<img decoding=\"async\" width=\"1000\" height=\"563\" src=\"https:\/\/sakiskehagioglou.gr\/wp-content\/uploads\/2022\/06\/eksidikefsi-04.jpg\" class=\"attachment-full size-full\" alt=\"\" srcset=\"https:\/\/sakiskehagioglou.gr\/wp-content\/uploads\/2022\/06\/eksidikefsi-04.jpg 1000w, https:\/\/sakiskehagioglou.gr\/wp-content\/uploads\/2022\/06\/eksidikefsi-04-300x169.jpg 300w, https:\/\/sakiskehagioglou.gr\/wp-content\/uploads\/2022\/06\/eksidikefsi-04-768x432.jpg 768w\" sizes=\"(max-width: 1000px) 100vw, 1000px\" \/>\t\t\t<\/a>\n\t<\/div>\n<div class=\"qodef-e qodef-image-wrapper qodef-grid-item \">\n\t\t\t<a class=\"qodef-popup-item\" itemprop=\"image\" href=\"https:\/\/sakiskehagioglou.gr\/wp-content\/uploads\/2022\/06\/eksidikefsi-03.jpg\" data-type=\"image\" title=\"\">\n\t\t\t<img loading=\"lazy\" decoding=\"async\" width=\"1000\" height=\"563\" src=\"https:\/\/sakiskehagioglou.gr\/wp-content\/uploads\/2022\/06\/eksidikefsi-03.jpg\" class=\"attachment-full size-full\" alt=\"\" srcset=\"https:\/\/sakiskehagioglou.gr\/wp-content\/uploads\/2022\/06\/eksidikefsi-03.jpg 1000w, https:\/\/sakiskehagioglou.gr\/wp-content\/uploads\/2022\/06\/eksidikefsi-03-300x169.jpg 300w, https:\/\/sakiskehagioglou.gr\/wp-content\/uploads\/2022\/06\/eksidikefsi-03-768x432.jpg 768w\" sizes=\"(max-width: 1000px) 100vw, 1000px\" \/>\t\t\t<\/a>\n\t<\/div>\n<div class=\"qodef-e qodef-image-wrapper qodef-grid-item \">\n\t\t\t<a class=\"qodef-popup-item\" itemprop=\"image\" href=\"https:\/\/sakiskehagioglou.gr\/wp-content\/uploads\/2022\/06\/eksidikefsi-01.jpg\" data-type=\"image\" title=\"\">\n\t\t\t<img loading=\"lazy\" decoding=\"async\" width=\"1000\" height=\"563\" src=\"https:\/\/sakiskehagioglou.gr\/wp-content\/uploads\/2022\/06\/eksidikefsi-01.jpg\" class=\"attachment-full size-full\" alt=\"\" srcset=\"https:\/\/sakiskehagioglou.gr\/wp-content\/uploads\/2022\/06\/eksidikefsi-01.jpg 1000w, https:\/\/sakiskehagioglou.gr\/wp-content\/uploads\/2022\/06\/eksidikefsi-01-300x169.jpg 300w, https:\/\/sakiskehagioglou.gr\/wp-content\/uploads\/2022\/06\/eksidikefsi-01-768x432.jpg 768w\" sizes=\"(max-width: 1000px) 100vw, 1000px\" \/>\t\t\t<\/a>\n\t<\/div>\n\t<\/div>\n<\/div>\n\t\t\t\t<\/div>\n\t\t\t\t<\/div>\n\t\t\t\t\t<\/div>\n\t\t<\/div>\n\t\t\t\t\t<\/div>\n\t\t<\/section>\n\t\t\t\t<\/div>\n\t\t","protected":false},"excerpt":{"rendered":"<p>E DREJTA PENALE L\u00ebnd\u00ebt Narkotike Krimet Ekonomike Krimet Kompjuterike Krimet ndaj pron\u00ebs Krimet ndaj t\u00eb drejtave pasurore \u0395\u03b3\u03ba\u03bb\u03ae\u03bc\u03b1\u03c4\u03b1 \u03ba\u03b1\u03c4\u03ac \u03c4\u03b7\u03c2 \u03b6\u03c9\u03ae\u03c2<\/p>\n","protected":false},"author":1,"featured_media":0,"parent":0,"menu_order":0,"comment_status":"closed","ping_status":"closed","template":"page-full-width.php","meta":{"footnotes":""},"class_list":["post-15394","page","type-page","status-publish","hentry"],"yoast_head":"<!-- This site is optimized with the Yoast SEO plugin v27.5 - https:\/\/yoast.com\/product\/yoast-seo-wordpress\/ -->\n<title>SPECIALIZIMI | Sakis Kehagioglou<\/title>\n<meta name=\"robots\" content=\"index, follow, max-snippet:-1, max-image-preview:large, max-video-preview:-1\" \/>\n<link rel=\"canonical\" href=\"https:\/\/sakiskehagioglou.gr\/sq\/specializimi\/\" \/>\n<meta property=\"og:locale\" content=\"sq_AL\" \/>\n<meta property=\"og:type\" content=\"article\" \/>\n<meta property=\"og:title\" content=\"SPECIALIZIMI | Sakis Kehagioglou\" \/>\n<meta property=\"og:description\" content=\"E DREJTA PENALE L\u00ebnd\u00ebt Narkotike Krimet Ekonomike Krimet Kompjuterike Krimet ndaj pron\u00ebs Krimet ndaj t\u00eb drejtave pasurore \u0395\u03b3\u03ba\u03bb\u03ae\u03bc\u03b1\u03c4\u03b1 \u03ba\u03b1\u03c4\u03ac \u03c4\u03b7\u03c2 \u03b6\u03c9\u03ae\u03c2\" \/>\n<meta property=\"og:url\" content=\"https:\/\/sakiskehagioglou.gr\/sq\/specializimi\/\" \/>\n<meta property=\"og:site_name\" content=\"Sakis Kehagioglou\" \/>\n<meta property=\"article:modified_time\" content=\"2022-07-12T11:52:49+00:00\" \/>\n<meta property=\"og:image\" content=\"https:\/\/sakiskehagioglou.gr\/wp-content\/uploads\/2022\/06\/eksidikefsi-header.jpg\" \/>\n<meta name=\"twitter:card\" content=\"summary_large_image\" \/>\n<meta name=\"twitter:label1\" content=\"Est. reading time\" \/>\n\t<meta name=\"twitter:data1\" content=\"2 minutes\" \/>\n<script type=\"application\/ld+json\" class=\"yoast-schema-graph\">{\"@context\":\"https:\\\/\\\/schema.org\",\"@graph\":[{\"@type\":\"WebPage\",\"@id\":\"https:\\\/\\\/sakiskehagioglou.gr\\\/sq\\\/specializimi\\\/\",\"url\":\"https:\\\/\\\/sakiskehagioglou.gr\\\/sq\\\/specializimi\\\/\",\"name\":\"SPECIALIZIMI | Sakis Kehagioglou\",\"isPartOf\":{\"@id\":\"https:\\\/\\\/mediumorchid-newt-644648.hostingersite.com\\\/#website\"},\"primaryImageOfPage\":{\"@id\":\"https:\\\/\\\/sakiskehagioglou.gr\\\/sq\\\/specializimi\\\/#primaryimage\"},\"image\":{\"@id\":\"https:\\\/\\\/sakiskehagioglou.gr\\\/sq\\\/specializimi\\\/#primaryimage\"},\"thumbnailUrl\":\"https:\\\/\\\/sakiskehagioglou.gr\\\/wp-content\\\/uploads\\\/2022\\\/06\\\/eksidikefsi-header.jpg\",\"datePublished\":\"2022-06-07T07:15:31+00:00\",\"dateModified\":\"2022-07-12T11:52:49+00:00\",\"breadcrumb\":{\"@id\":\"https:\\\/\\\/sakiskehagioglou.gr\\\/sq\\\/specializimi\\\/#breadcrumb\"},\"inLanguage\":\"sq-AL\",\"potentialAction\":[{\"@type\":\"ReadAction\",\"target\":[\"https:\\\/\\\/sakiskehagioglou.gr\\\/sq\\\/specializimi\\\/\"]}]},{\"@type\":\"ImageObject\",\"inLanguage\":\"sq-AL\",\"@id\":\"https:\\\/\\\/sakiskehagioglou.gr\\\/sq\\\/specializimi\\\/#primaryimage\",\"url\":\"https:\\\/\\\/sakiskehagioglou.gr\\\/wp-content\\\/uploads\\\/2022\\\/06\\\/eksidikefsi-header.jpg\",\"contentUrl\":\"https:\\\/\\\/sakiskehagioglou.gr\\\/wp-content\\\/uploads\\\/2022\\\/06\\\/eksidikefsi-header.jpg\"},{\"@type\":\"BreadcrumbList\",\"@id\":\"https:\\\/\\\/sakiskehagioglou.gr\\\/sq\\\/specializimi\\\/#breadcrumb\",\"itemListElement\":[{\"@type\":\"ListItem\",\"position\":1,\"name\":\"\u0391\u03c1\u03c7\u03b9\u03ba\u03ae\",\"item\":\"https:\\\/\\\/sakiskehagioglou.gr\\\/sq\\\/\"},{\"@type\":\"ListItem\",\"position\":2,\"name\":\"SPECIALIZIMI\"}]},{\"@type\":\"WebSite\",\"@id\":\"https:\\\/\\\/mediumorchid-newt-644648.hostingersite.com\\\/#website\",\"url\":\"https:\\\/\\\/mediumorchid-newt-644648.hostingersite.com\\\/\",\"name\":\"Sakis Kehagioglou\",\"description\":\"Law Office\",\"publisher\":{\"@id\":\"https:\\\/\\\/mediumorchid-newt-644648.hostingersite.com\\\/#organization\"},\"potentialAction\":[{\"@type\":\"SearchAction\",\"target\":{\"@type\":\"EntryPoint\",\"urlTemplate\":\"https:\\\/\\\/mediumorchid-newt-644648.hostingersite.com\\\/?s={search_term_string}\"},\"query-input\":{\"@type\":\"PropertyValueSpecification\",\"valueRequired\":true,\"valueName\":\"search_term_string\"}}],\"inLanguage\":\"sq-AL\"},{\"@type\":\"Organization\",\"@id\":\"https:\\\/\\\/mediumorchid-newt-644648.hostingersite.com\\\/#organization\",\"name\":\"Sakis Kehagioglou\",\"url\":\"https:\\\/\\\/mediumorchid-newt-644648.hostingersite.com\\\/\",\"logo\":{\"@type\":\"ImageObject\",\"inLanguage\":\"sq-AL\",\"@id\":\"https:\\\/\\\/mediumorchid-newt-644648.hostingersite.com\\\/#\\\/schema\\\/logo\\\/image\\\/\",\"url\":\"https:\\\/\\\/sakiskehagioglou.gr\\\/wp-content\\\/uploads\\\/2022\\\/07\\\/ogimage.png\",\"contentUrl\":\"https:\\\/\\\/sakiskehagioglou.gr\\\/wp-content\\\/uploads\\\/2022\\\/07\\\/ogimage.png\",\"width\":1200,\"height\":630,\"caption\":\"Sakis Kehagioglou\"},\"image\":{\"@id\":\"https:\\\/\\\/mediumorchid-newt-644648.hostingersite.com\\\/#\\\/schema\\\/logo\\\/image\\\/\"}}]}<\/script>\n<!-- \/ Yoast SEO plugin. -->","yoast_head_json":{"title":"SPECIALIZIMI | Sakis Kehagioglou","robots":{"index":"index","follow":"follow","max-snippet":"max-snippet:-1","max-image-preview":"max-image-preview:large","max-video-preview":"max-video-preview:-1"},"canonical":"https:\/\/sakiskehagioglou.gr\/sq\/specializimi\/","og_locale":"sq_AL","og_type":"article","og_title":"SPECIALIZIMI | Sakis Kehagioglou","og_description":"E DREJTA PENALE L\u00ebnd\u00ebt Narkotike Krimet Ekonomike Krimet Kompjuterike Krimet ndaj pron\u00ebs Krimet ndaj t\u00eb drejtave pasurore \u0395\u03b3\u03ba\u03bb\u03ae\u03bc\u03b1\u03c4\u03b1 \u03ba\u03b1\u03c4\u03ac \u03c4\u03b7\u03c2 \u03b6\u03c9\u03ae\u03c2","og_url":"https:\/\/sakiskehagioglou.gr\/sq\/specializimi\/","og_site_name":"Sakis Kehagioglou","article_modified_time":"2022-07-12T11:52:49+00:00","og_image":[{"url":"https:\/\/sakiskehagioglou.gr\/wp-content\/uploads\/2022\/06\/eksidikefsi-header.jpg","type":"","width":"","height":""}],"twitter_card":"summary_large_image","twitter_misc":{"Est. reading time":"2 minutes"},"schema":{"@context":"https:\/\/schema.org","@graph":[{"@type":"WebPage","@id":"https:\/\/sakiskehagioglou.gr\/sq\/specializimi\/","url":"https:\/\/sakiskehagioglou.gr\/sq\/specializimi\/","name":"SPECIALIZIMI | Sakis Kehagioglou","isPartOf":{"@id":"https:\/\/mediumorchid-newt-644648.hostingersite.com\/#website"},"primaryImageOfPage":{"@id":"https:\/\/sakiskehagioglou.gr\/sq\/specializimi\/#primaryimage"},"image":{"@id":"https:\/\/sakiskehagioglou.gr\/sq\/specializimi\/#primaryimage"},"thumbnailUrl":"https:\/\/sakiskehagioglou.gr\/wp-content\/uploads\/2022\/06\/eksidikefsi-header.jpg","datePublished":"2022-06-07T07:15:31+00:00","dateModified":"2022-07-12T11:52:49+00:00","breadcrumb":{"@id":"https:\/\/sakiskehagioglou.gr\/sq\/specializimi\/#breadcrumb"},"inLanguage":"sq-AL","potentialAction":[{"@type":"ReadAction","target":["https:\/\/sakiskehagioglou.gr\/sq\/specializimi\/"]}]},{"@type":"ImageObject","inLanguage":"sq-AL","@id":"https:\/\/sakiskehagioglou.gr\/sq\/specializimi\/#primaryimage","url":"https:\/\/sakiskehagioglou.gr\/wp-content\/uploads\/2022\/06\/eksidikefsi-header.jpg","contentUrl":"https:\/\/sakiskehagioglou.gr\/wp-content\/uploads\/2022\/06\/eksidikefsi-header.jpg"},{"@type":"BreadcrumbList","@id":"https:\/\/sakiskehagioglou.gr\/sq\/specializimi\/#breadcrumb","itemListElement":[{"@type":"ListItem","position":1,"name":"\u0391\u03c1\u03c7\u03b9\u03ba\u03ae","item":"https:\/\/sakiskehagioglou.gr\/sq\/"},{"@type":"ListItem","position":2,"name":"SPECIALIZIMI"}]},{"@type":"WebSite","@id":"https:\/\/mediumorchid-newt-644648.hostingersite.com\/#website","url":"https:\/\/mediumorchid-newt-644648.hostingersite.com\/","name":"Sakis Kehagioglou","description":"Law Office","publisher":{"@id":"https:\/\/mediumorchid-newt-644648.hostingersite.com\/#organization"},"potentialAction":[{"@type":"SearchAction","target":{"@type":"EntryPoint","urlTemplate":"https:\/\/mediumorchid-newt-644648.hostingersite.com\/?s={search_term_string}"},"query-input":{"@type":"PropertyValueSpecification","valueRequired":true,"valueName":"search_term_string"}}],"inLanguage":"sq-AL"},{"@type":"Organization","@id":"https:\/\/mediumorchid-newt-644648.hostingersite.com\/#organization","name":"Sakis Kehagioglou","url":"https:\/\/mediumorchid-newt-644648.hostingersite.com\/","logo":{"@type":"ImageObject","inLanguage":"sq-AL","@id":"https:\/\/mediumorchid-newt-644648.hostingersite.com\/#\/schema\/logo\/image\/","url":"https:\/\/sakiskehagioglou.gr\/wp-content\/uploads\/2022\/07\/ogimage.png","contentUrl":"https:\/\/sakiskehagioglou.gr\/wp-content\/uploads\/2022\/07\/ogimage.png","width":1200,"height":630,"caption":"Sakis Kehagioglou"},"image":{"@id":"https:\/\/mediumorchid-newt-644648.hostingersite.com\/#\/schema\/logo\/image\/"}}]}},"_links":{"self":[{"href":"https:\/\/sakiskehagioglou.gr\/sq\/wp-json\/wp\/v2\/pages\/15394","targetHints":{"allow":["GET"]}}],"collection":[{"href":"https:\/\/sakiskehagioglou.gr\/sq\/wp-json\/wp\/v2\/pages"}],"about":[{"href":"https:\/\/sakiskehagioglou.gr\/sq\/wp-json\/wp\/v2\/types\/page"}],"author":[{"embeddable":true,"href":"https:\/\/sakiskehagioglou.gr\/sq\/wp-json\/wp\/v2\/users\/1"}],"replies":[{"embeddable":true,"href":"https:\/\/sakiskehagioglou.gr\/sq\/wp-json\/wp\/v2\/comments?post=15394"}],"version-history":[{"count":11,"href":"https:\/\/sakiskehagioglou.gr\/sq\/wp-json\/wp\/v2\/pages\/15394\/revisions"}],"predecessor-version":[{"id":15501,"href":"https:\/\/sakiskehagioglou.gr\/sq\/wp-json\/wp\/v2\/pages\/15394\/revisions\/15501"}],"wp:attachment":[{"href":"https:\/\/sakiskehagioglou.gr\/sq\/wp-json\/wp\/v2\/media?parent=15394"}],"curies":[{"name":"wp","href":"https:\/\/api.w.org\/{rel}","templated":true}]}}