{"id":15382,"date":"2022-06-03T14:56:33","date_gmt":"2022-06-03T11:56:33","guid":{"rendered":"https:\/\/kehagioglou.eproductions.gr\/viografiko\/"},"modified":"2022-07-12T14:52:14","modified_gmt":"2022-07-12T11:52:14","slug":"biografi","status":"publish","type":"page","link":"https:\/\/sakiskehagioglou.gr\/sq\/biografi\/","title":{"rendered":"BIOGRAFI"},"content":{"rendered":"\t\t<div data-elementor-type=\"wp-page\" data-elementor-id=\"15382\" class=\"elementor elementor-15382 elementor-14061\">\n\t\t\t\t\t\t<section class=\"elementor-section elementor-top-section elementor-element elementor-element-dd74319 elementor-section-full_width qodef-section-title-text-holder-yes elementor-section-height-default elementor-section-height-default qodef-elementor-content-no qodef-elementor-back-btn-skin-default qodef-section-line-animation-holder-no\" data-id=\"dd74319\" data-element_type=\"section\" data-e-type=\"section\">\n\t\t\t\t\t\t<div class=\"elementor-container elementor-column-gap-default\">\n\t\t\t\t\t<div class=\"elementor-column elementor-col-100 elementor-top-column elementor-element elementor-element-80c7eb9\" data-id=\"80c7eb9\" data-element_type=\"column\" data-e-type=\"column\">\n\t\t\t<div class=\"elementor-widget-wrap elementor-element-populated\">\n\t\t\t\t\t\t<div class=\"elementor-element elementor-element-be02c55 elementor-widget elementor-widget-image\" data-id=\"be02c55\" data-element_type=\"widget\" data-e-type=\"widget\" data-widget_type=\"image.default\">\n\t\t\t\t<div class=\"elementor-widget-container\">\n\t\t\t\t\t\t\t\t\t\t\t\t\t\t\t<img fetchpriority=\"high\" decoding=\"async\" width=\"1680\" height=\"800\" src=\"https:\/\/sakiskehagioglou.gr\/wp-content\/uploads\/2022\/06\/viografiko-header.jpg\" class=\"attachment-full size-full wp-image-14290\" alt=\"\" srcset=\"https:\/\/sakiskehagioglou.gr\/wp-content\/uploads\/2022\/06\/viografiko-header.jpg 1680w, https:\/\/sakiskehagioglou.gr\/wp-content\/uploads\/2022\/06\/viografiko-header-300x143.jpg 300w, https:\/\/sakiskehagioglou.gr\/wp-content\/uploads\/2022\/06\/viografiko-header-1024x488.jpg 1024w, https:\/\/sakiskehagioglou.gr\/wp-content\/uploads\/2022\/06\/viografiko-header-768x366.jpg 768w, https:\/\/sakiskehagioglou.gr\/wp-content\/uploads\/2022\/06\/viografiko-header-1536x731.jpg 1536w\" sizes=\"(max-width: 1680px) 100vw, 1680px\" \/>\t\t\t\t\t\t\t\t\t\t\t\t\t\t\t<\/div>\n\t\t\t\t<\/div>\n\t\t\t\t\t<\/div>\n\t\t<\/div>\n\t\t\t\t\t<\/div>\n\t\t<\/section>\n\t\t\t\t<section class=\"elementor-section elementor-top-section elementor-element elementor-element-66a31a2 elementor-section-full_width qodef-elementor-content-grid elementor-section-height-default elementor-section-height-default qodef-elementor-back-btn-skin-default qodef-section-title-text-holder-no qodef-section-line-animation-holder-no\" data-id=\"66a31a2\" data-element_type=\"section\" data-e-type=\"section\" data-settings=\"{&quot;background_background&quot;:&quot;classic&quot;}\">\n\t\t\t\t\t\t<div class=\"elementor-container elementor-column-gap-default\">\n\t\t\t\t\t<div class=\"elementor-column elementor-col-100 elementor-top-column elementor-element elementor-element-46ececaa\" data-id=\"46ececaa\" data-element_type=\"column\" data-e-type=\"column\">\n\t\t\t<div class=\"elementor-widget-wrap elementor-element-populated\">\n\t\t\t\t\t\t<div class=\"elementor-element elementor-element-8a876eb elementor-widget elementor-widget-text-editor\" data-id=\"8a876eb\" data-element_type=\"widget\" data-e-type=\"widget\" data-widget_type=\"text-editor.default\">\n\t\t\t\t<div class=\"elementor-widget-container\">\n\t\t\t\t\t\t\t\t\t<p>Sakis Kechagioglou lindi n\u00eb Veroia Imathias m\u00eb 16\/12\/1961. Prind\u00ebrit e tij jan\u00eb Theodoros Kechagioglou, n\u00ebnpun\u00ebs i Ark\u00ebs s\u00eb Shtetit dhe Antigoni Tsaousi, m\u00ebsuese. Ka dy v\u00ebllez\u00ebr, Janin q\u00eb \u00ebsht\u00eb n\u00ebnpun\u00ebs banke dhe Nikon, avokat n\u00eb Veroia. Ai q\u00eb n\u00eb mosh\u00ebn e adoleshenc\u00ebs u angazhua me \u00e7\u00ebshtje t\u00eb interesit publik. N\u00eb vitin 1979 u regjistrua n\u00eb Fakultetin e Juridikut t\u00eb Universitetit Aristoteleio n\u00eb Thessaloniki. Gjat\u00eb studimeve merrte pjes\u00eb n\u00eb m\u00ebnyr\u00eb aktive nga poste t\u00eb ndryshme n\u00eb sindikatat e student\u00ebve.<\/p><p>\u00a0<\/p><p>Udh\u00ebtoi n\u00eb SHBA n\u00eb vitin 1985, me referenca t\u00eb profesor\u00ebve t\u00eb s\u00eb Drejt\u00ebs Penale Ioannis Manoledakis dhe t\u00eb Marr\u00ebdh\u00ebnieve Nd\u00ebrkomb\u00ebtare Theodoros Kouloumpis, si dhe t\u00eb ish kryeministrit Konstantinos Mitsotakis. E r\u00ebnd\u00ebsishme ishte edhe mb\u00ebshtetja e Kryepeshkopit t\u00eb Amerik\u00ebs Veriore dhe Jugore Iakovos q\u00eb i dha burs\u00ebn e Kryepeshkopat\u00ebs. Ju dha Master\u2019s (\u039c\u0391) n\u00eb International Affairs nga School of International Service (S.I.S) t\u00eb Universitetit American University n\u00eb Washington D.C. Gjat\u00eb periudh\u00ebs s\u00eb studimeve pasuniversitare ai punoi n\u00eb Senatin Amerikan si\u00a0 Staff Assistant n\u00eb Komisionin e Marr\u00ebdh\u00ebnieve t\u00eb Jashtme t\u00eb Senatit (Senate Foreign Relations Committee) dhe n\u00eb zyr\u00ebn e Kryetarit t\u00eb Republikan\u00ebve t\u00eb Komisionit, Senatori i Karolin\u00ebs s\u00eb Veriut, \u00a0Jesse Helms.<\/p><p>\u00a0<\/p><p>Pasi p\u00ebrfundoi sh\u00ebrbimin ushtarak, ju ngarkua detyra e K\u00ebshilltarit t\u00eb Posa\u00e7\u00ebm t\u00eb Ministrit t\u00eb Kryesis\u00eb Miltiadis Evert q\u00eb nga N\u00ebntori i vitit 1991, kur dhe filloi kariera e tij si avokat n\u00eb zyr\u00ebn e avokatit p\u00ebr \u00e7\u00ebshtje penale Alexandros Lykourezos. N\u00eb dekad\u00ebn n\u00eb vijim morri p\u00ebrsip\u00ebr dhe trajtoi, n\u00eb bashk\u00ebpunim me A. Lykourezos ose vet\u00ebm, \u00e7\u00ebshtje t\u00eb r\u00ebnd\u00ebsishme si p.sh. \u00e7\u00ebshtja e Georgios Koskotas (p\u00ebrvet\u00ebsim n\u00eb Bank\u00ebn e Kret\u00ebs), Iosif Vagionis (vrasje), Georgios Ventouris (e drejta familjare), Georgios Skiadopoulos (vrasje), Panagiotis Vlastos (vrasje) dhe Dimitris Kondylis \u2013 African Cape (trafikim droge). \u00a0<\/p><p>\u00a0<\/p><p>Sakis Kechagioglou themeloi zyr\u00ebn e tij avokatie n\u00eb Tetor t\u00eb vitit 2001, n\u00eb rrug\u00ebn Sekeri nr. 3, Kolonaki, dhe q\u00eb at\u00ebhere ka trajtuar \u00e7\u00ebshtje penale t\u00eb bujshme. Midis t\u00eb tjerash, p\u00ebrfaq\u00ebsoi si mb\u00ebshtet\u00ebs i akuz\u00ebs pal\u00ebn padit\u00ebse Georgios Metsos n\u00eb gjyqin e organizat\u00ebs \u201c17 N\u00ebntori\u201d, si dhe ishte mb\u00ebshtet\u00ebs i akuz\u00ebs s\u00eb prind\u00ebrve dhe t\u00eb af\u00ebrme t\u00eb viktimave n\u00eb aksidentin tragjik n\u00eb Tempi. Gjithashtu, morri p\u00ebrsip\u00ebr mbrojtjen e Manos Dimitrokalis (Satanist\u00ebt e Pallinis), t\u00eb Christos Voulgarakis (vrasje f\u00ebmije), Teos Theodoridis (l\u00ebnd\u00eb narkotike), Alket Rizai dhe Soula Mitropia (rr\u00ebmbim, organizat\u00eb kriminale dhe arratisje), Apostolos Petrakis dhe Charalampos Moustakias (rr\u00ebmbim i Periklis Panagopoulos), Salina Karavela (\u00e7\u00ebshtja Siemens), Konstantinos Gkratzios (\u00e7\u00ebshtja Vatopedi).<\/p><p>\u00a0<\/p><p>Sakis Kechagioglou \u00ebsht\u00eb an\u00ebtar i K\u00ebshillit t\u00eb Avokat\u00ebve t\u00eb Athin\u00ebs, i Bashkimit t\u00eb Penalist\u00ebve dhe t\u00eb Bashkimit t\u00eb Panelist\u00ebve dhe Avokat\u00ebve Aktiv\u00eb. Ka punuar si K\u00ebshilltar Juridik i ish kryeministrit Konstantinos Mitsotakis. Gjithashtu \u00ebsht\u00eb K\u00ebshilltar Juridik i Patriarkan\u00ebs s\u00eb Aleksandris\u00eb dhe t\u00eb Gjith\u00eb Afrik\u00ebs n\u00ebn drejtimin e Patriarkut Theodoros i Dyt\u00eb dhe t\u00eb Kryepeshkopat\u00ebs s\u00eb Tiatir\u00ebs dhe Britanis\u00eb s\u00eb Madhe t\u00eb Patrikan\u00ebs Ekumenike t\u00eb Kostandinopoj\u00ebs. \u00a0<\/p>\t\t\t\t\t\t\t\t<\/div>\n\t\t\t\t<\/div>\n\t\t\t\t\t<\/div>\n\t\t<\/div>\n\t\t\t\t\t<\/div>\n\t\t<\/section>\n\t\t\t\t<section class=\"elementor-section elementor-top-section elementor-element elementor-element-698b3661 elementor-section-full_width elementor-section-height-default elementor-section-height-default qodef-elementor-content-no qodef-elementor-back-btn-skin-default qodef-section-title-text-holder-no qodef-section-line-animation-holder-no\" data-id=\"698b3661\" data-element_type=\"section\" data-e-type=\"section\">\n\t\t\t\t\t\t<div class=\"elementor-container elementor-column-gap-default\">\n\t\t\t\t\t<div class=\"elementor-column elementor-col-100 elementor-top-column elementor-element elementor-element-6241106c\" data-id=\"6241106c\" data-element_type=\"column\" data-e-type=\"column\">\n\t\t\t<div class=\"elementor-widget-wrap elementor-element-populated\">\n\t\t\t\t\t\t<div class=\"elementor-element elementor-element-8d081e1 elementor-widget elementor-widget-madelyn_core_image_gallery\" data-id=\"8d081e1\" data-element_type=\"widget\" data-e-type=\"widget\" data-widget_type=\"madelyn_core_image_gallery.default\">\n\t\t\t\t<div class=\"elementor-widget-container\">\n\t\t\t\t\t<div class=\"qodef-shortcode qodef-m  qodef-image-gallery qodef-magnific-popup qodef-popup-gallery  qodef-grid qodef-layout--masonry  qodef-gutter--normal qodef-col-num--2  qodef-responsive--predefined\">\n\t<div class=\"qodef-grid-inner clear\">\n\t\t\t<div class=\"qodef-grid-masonry-sizer\"><\/div>\n\t<div class=\"qodef-grid-masonry-gutter\"><\/div>\n<div class=\"qodef-e qodef-image-wrapper qodef-grid-item \">\n\t\t\t<a class=\"qodef-popup-item\" itemprop=\"image\" href=\"https:\/\/sakiskehagioglou.gr\/wp-content\/uploads\/2022\/06\/viografiko-02.jpg\" data-type=\"image\" title=\"\">\n\t\t\t<img decoding=\"async\" width=\"1000\" height=\"563\" src=\"https:\/\/sakiskehagioglou.gr\/wp-content\/uploads\/2022\/06\/viografiko-02.jpg\" class=\"attachment-full size-full\" alt=\"\" srcset=\"https:\/\/sakiskehagioglou.gr\/wp-content\/uploads\/2022\/06\/viografiko-02.jpg 1000w, https:\/\/sakiskehagioglou.gr\/wp-content\/uploads\/2022\/06\/viografiko-02-300x169.jpg 300w, https:\/\/sakiskehagioglou.gr\/wp-content\/uploads\/2022\/06\/viografiko-02-768x432.jpg 768w\" sizes=\"(max-width: 1000px) 100vw, 1000px\" \/>\t\t\t<\/a>\n\t<\/div>\n<div class=\"qodef-e qodef-image-wrapper qodef-grid-item \">\n\t\t\t<a class=\"qodef-popup-item\" itemprop=\"image\" href=\"https:\/\/sakiskehagioglou.gr\/wp-content\/uploads\/2022\/06\/viografiko-03.jpg\" data-type=\"image\" title=\"\">\n\t\t\t<img decoding=\"async\" width=\"1000\" height=\"563\" src=\"https:\/\/sakiskehagioglou.gr\/wp-content\/uploads\/2022\/06\/viografiko-03.jpg\" class=\"attachment-full size-full\" alt=\"\" srcset=\"https:\/\/sakiskehagioglou.gr\/wp-content\/uploads\/2022\/06\/viografiko-03.jpg 1000w, https:\/\/sakiskehagioglou.gr\/wp-content\/uploads\/2022\/06\/viografiko-03-300x169.jpg 300w, https:\/\/sakiskehagioglou.gr\/wp-content\/uploads\/2022\/06\/viografiko-03-768x432.jpg 768w\" sizes=\"(max-width: 1000px) 100vw, 1000px\" \/>\t\t\t<\/a>\n\t<\/div>\n<div class=\"qodef-e qodef-image-wrapper qodef-grid-item \">\n\t\t\t<a class=\"qodef-popup-item\" itemprop=\"image\" href=\"https:\/\/sakiskehagioglou.gr\/wp-content\/uploads\/2022\/06\/viografiko-04.jpg\" data-type=\"image\" title=\"\">\n\t\t\t<img loading=\"lazy\" decoding=\"async\" width=\"1000\" height=\"563\" src=\"https:\/\/sakiskehagioglou.gr\/wp-content\/uploads\/2022\/06\/viografiko-04.jpg\" class=\"attachment-full size-full\" alt=\"\" srcset=\"https:\/\/sakiskehagioglou.gr\/wp-content\/uploads\/2022\/06\/viografiko-04.jpg 1000w, https:\/\/sakiskehagioglou.gr\/wp-content\/uploads\/2022\/06\/viografiko-04-300x169.jpg 300w, https:\/\/sakiskehagioglou.gr\/wp-content\/uploads\/2022\/06\/viografiko-04-768x432.jpg 768w\" sizes=\"(max-width: 1000px) 100vw, 1000px\" \/>\t\t\t<\/a>\n\t<\/div>\n<div class=\"qodef-e qodef-image-wrapper qodef-grid-item \">\n\t\t\t<a class=\"qodef-popup-item\" itemprop=\"image\" href=\"https:\/\/sakiskehagioglou.gr\/wp-content\/uploads\/2022\/06\/viografiko-01.jpg\" data-type=\"image\" title=\"\">\n\t\t\t<img loading=\"lazy\" decoding=\"async\" width=\"1000\" height=\"563\" src=\"https:\/\/sakiskehagioglou.gr\/wp-content\/uploads\/2022\/06\/viografiko-01.jpg\" class=\"attachment-full size-full\" alt=\"\" srcset=\"https:\/\/sakiskehagioglou.gr\/wp-content\/uploads\/2022\/06\/viografiko-01.jpg 1000w, https:\/\/sakiskehagioglou.gr\/wp-content\/uploads\/2022\/06\/viografiko-01-300x169.jpg 300w, https:\/\/sakiskehagioglou.gr\/wp-content\/uploads\/2022\/06\/viografiko-01-768x432.jpg 768w\" sizes=\"(max-width: 1000px) 100vw, 1000px\" \/>\t\t\t<\/a>\n\t<\/div>\n\t<\/div>\n<\/div>\n\t\t\t\t<\/div>\n\t\t\t\t<\/div>\n\t\t\t\t\t<\/div>\n\t\t<\/div>\n\t\t\t\t\t<\/div>\n\t\t<\/section>\n\t\t\t\t<\/div>\n\t\t","protected":false},"excerpt":{"rendered":"<p>Sakis Kechagioglou lindi n\u00eb Veroia Imathias m\u00eb 16\/12\/1961. Prind\u00ebrit e tij jan\u00eb Theodoros Kechagioglou, n\u00ebnpun\u00ebs i Ark\u00ebs s\u00eb Shtetit dhe Antigoni Tsaousi, m\u00ebsuese. Ka dy v\u00ebllez\u00ebr, Janin q\u00eb \u00ebsht\u00eb n\u00ebnpun\u00ebs banke dhe Nikon, avokat n\u00eb Veroia. Ai q\u00eb n\u00eb mosh\u00ebn e adoleshenc\u00ebs u angazhua me \u00e7\u00ebshtje t\u00eb interesit publik. N\u00eb vitin 1979 u regjistrua n\u00eb [&hellip;]<\/p>\n","protected":false},"author":1,"featured_media":0,"parent":0,"menu_order":0,"comment_status":"closed","ping_status":"closed","template":"page-full-width.php","meta":{"footnotes":""},"class_list":["post-15382","page","type-page","status-publish","hentry"],"yoast_head":"<!-- This site is optimized with the Yoast SEO plugin v27.5 - https:\/\/yoast.com\/product\/yoast-seo-wordpress\/ -->\n<title>BIOGRAFI | Sakis Kehagioglou<\/title>\n<meta name=\"robots\" content=\"index, follow, max-snippet:-1, max-image-preview:large, max-video-preview:-1\" \/>\n<link rel=\"canonical\" href=\"https:\/\/sakiskehagioglou.gr\/sq\/biografi\/\" \/>\n<meta property=\"og:locale\" content=\"sq_AL\" \/>\n<meta property=\"og:type\" content=\"article\" \/>\n<meta property=\"og:title\" content=\"BIOGRAFI | Sakis Kehagioglou\" \/>\n<meta property=\"og:description\" content=\"Sakis Kechagioglou lindi n\u00eb Veroia Imathias m\u00eb 16\/12\/1961. Prind\u00ebrit e tij jan\u00eb Theodoros Kechagioglou, n\u00ebnpun\u00ebs i Ark\u00ebs s\u00eb Shtetit dhe Antigoni Tsaousi, m\u00ebsuese. Ka dy v\u00ebllez\u00ebr, Janin q\u00eb \u00ebsht\u00eb n\u00ebnpun\u00ebs banke dhe Nikon, avokat n\u00eb Veroia. Ai q\u00eb n\u00eb mosh\u00ebn e adoleshenc\u00ebs u angazhua me \u00e7\u00ebshtje t\u00eb interesit publik. N\u00eb vitin 1979 u regjistrua n\u00eb [&hellip;]\" \/>\n<meta property=\"og:url\" content=\"https:\/\/sakiskehagioglou.gr\/sq\/biografi\/\" \/>\n<meta property=\"og:site_name\" content=\"Sakis Kehagioglou\" \/>\n<meta property=\"article:modified_time\" content=\"2022-07-12T11:52:14+00:00\" \/>\n<meta property=\"og:image\" content=\"https:\/\/sakiskehagioglou.gr\/wp-content\/uploads\/2022\/06\/viografiko-header.jpg\" \/>\n<meta name=\"twitter:card\" content=\"summary_large_image\" \/>\n<meta name=\"twitter:label1\" content=\"Est. reading time\" \/>\n\t<meta name=\"twitter:data1\" content=\"4 minutes\" \/>\n<script type=\"application\/ld+json\" class=\"yoast-schema-graph\">{\"@context\":\"https:\\\/\\\/schema.org\",\"@graph\":[{\"@type\":\"WebPage\",\"@id\":\"https:\\\/\\\/sakiskehagioglou.gr\\\/sq\\\/biografi\\\/\",\"url\":\"https:\\\/\\\/sakiskehagioglou.gr\\\/sq\\\/biografi\\\/\",\"name\":\"BIOGRAFI | Sakis Kehagioglou\",\"isPartOf\":{\"@id\":\"https:\\\/\\\/mediumorchid-newt-644648.hostingersite.com\\\/#website\"},\"primaryImageOfPage\":{\"@id\":\"https:\\\/\\\/sakiskehagioglou.gr\\\/sq\\\/biografi\\\/#primaryimage\"},\"image\":{\"@id\":\"https:\\\/\\\/sakiskehagioglou.gr\\\/sq\\\/biografi\\\/#primaryimage\"},\"thumbnailUrl\":\"https:\\\/\\\/sakiskehagioglou.gr\\\/wp-content\\\/uploads\\\/2022\\\/06\\\/viografiko-header.jpg\",\"datePublished\":\"2022-06-03T11:56:33+00:00\",\"dateModified\":\"2022-07-12T11:52:14+00:00\",\"breadcrumb\":{\"@id\":\"https:\\\/\\\/sakiskehagioglou.gr\\\/sq\\\/biografi\\\/#breadcrumb\"},\"inLanguage\":\"sq-AL\",\"potentialAction\":[{\"@type\":\"ReadAction\",\"target\":[\"https:\\\/\\\/sakiskehagioglou.gr\\\/sq\\\/biografi\\\/\"]}]},{\"@type\":\"ImageObject\",\"inLanguage\":\"sq-AL\",\"@id\":\"https:\\\/\\\/sakiskehagioglou.gr\\\/sq\\\/biografi\\\/#primaryimage\",\"url\":\"https:\\\/\\\/sakiskehagioglou.gr\\\/wp-content\\\/uploads\\\/2022\\\/06\\\/viografiko-header.jpg\",\"contentUrl\":\"https:\\\/\\\/sakiskehagioglou.gr\\\/wp-content\\\/uploads\\\/2022\\\/06\\\/viografiko-header.jpg\"},{\"@type\":\"BreadcrumbList\",\"@id\":\"https:\\\/\\\/sakiskehagioglou.gr\\\/sq\\\/biografi\\\/#breadcrumb\",\"itemListElement\":[{\"@type\":\"ListItem\",\"position\":1,\"name\":\"\u0391\u03c1\u03c7\u03b9\u03ba\u03ae\",\"item\":\"https:\\\/\\\/sakiskehagioglou.gr\\\/sq\\\/\"},{\"@type\":\"ListItem\",\"position\":2,\"name\":\"BIOGRAFI\"}]},{\"@type\":\"WebSite\",\"@id\":\"https:\\\/\\\/mediumorchid-newt-644648.hostingersite.com\\\/#website\",\"url\":\"https:\\\/\\\/mediumorchid-newt-644648.hostingersite.com\\\/\",\"name\":\"Sakis Kehagioglou\",\"description\":\"Law Office\",\"publisher\":{\"@id\":\"https:\\\/\\\/mediumorchid-newt-644648.hostingersite.com\\\/#organization\"},\"potentialAction\":[{\"@type\":\"SearchAction\",\"target\":{\"@type\":\"EntryPoint\",\"urlTemplate\":\"https:\\\/\\\/mediumorchid-newt-644648.hostingersite.com\\\/?s={search_term_string}\"},\"query-input\":{\"@type\":\"PropertyValueSpecification\",\"valueRequired\":true,\"valueName\":\"search_term_string\"}}],\"inLanguage\":\"sq-AL\"},{\"@type\":\"Organization\",\"@id\":\"https:\\\/\\\/mediumorchid-newt-644648.hostingersite.com\\\/#organization\",\"name\":\"Sakis Kehagioglou\",\"url\":\"https:\\\/\\\/mediumorchid-newt-644648.hostingersite.com\\\/\",\"logo\":{\"@type\":\"ImageObject\",\"inLanguage\":\"sq-AL\",\"@id\":\"https:\\\/\\\/mediumorchid-newt-644648.hostingersite.com\\\/#\\\/schema\\\/logo\\\/image\\\/\",\"url\":\"https:\\\/\\\/sakiskehagioglou.gr\\\/wp-content\\\/uploads\\\/2022\\\/07\\\/ogimage.png\",\"contentUrl\":\"https:\\\/\\\/sakiskehagioglou.gr\\\/wp-content\\\/uploads\\\/2022\\\/07\\\/ogimage.png\",\"width\":1200,\"height\":630,\"caption\":\"Sakis Kehagioglou\"},\"image\":{\"@id\":\"https:\\\/\\\/mediumorchid-newt-644648.hostingersite.com\\\/#\\\/schema\\\/logo\\\/image\\\/\"}}]}<\/script>\n<!-- \/ Yoast SEO plugin. -->","yoast_head_json":{"title":"BIOGRAFI | Sakis Kehagioglou","robots":{"index":"index","follow":"follow","max-snippet":"max-snippet:-1","max-image-preview":"max-image-preview:large","max-video-preview":"max-video-preview:-1"},"canonical":"https:\/\/sakiskehagioglou.gr\/sq\/biografi\/","og_locale":"sq_AL","og_type":"article","og_title":"BIOGRAFI | Sakis Kehagioglou","og_description":"Sakis Kechagioglou lindi n\u00eb Veroia Imathias m\u00eb 16\/12\/1961. Prind\u00ebrit e tij jan\u00eb Theodoros Kechagioglou, n\u00ebnpun\u00ebs i Ark\u00ebs s\u00eb Shtetit dhe Antigoni Tsaousi, m\u00ebsuese. Ka dy v\u00ebllez\u00ebr, Janin q\u00eb \u00ebsht\u00eb n\u00ebnpun\u00ebs banke dhe Nikon, avokat n\u00eb Veroia. Ai q\u00eb n\u00eb mosh\u00ebn e adoleshenc\u00ebs u angazhua me \u00e7\u00ebshtje t\u00eb interesit publik. N\u00eb vitin 1979 u regjistrua n\u00eb [&hellip;]","og_url":"https:\/\/sakiskehagioglou.gr\/sq\/biografi\/","og_site_name":"Sakis Kehagioglou","article_modified_time":"2022-07-12T11:52:14+00:00","og_image":[{"url":"https:\/\/sakiskehagioglou.gr\/wp-content\/uploads\/2022\/06\/viografiko-header.jpg","type":"","width":"","height":""}],"twitter_card":"summary_large_image","twitter_misc":{"Est. reading time":"4 minutes"},"schema":{"@context":"https:\/\/schema.org","@graph":[{"@type":"WebPage","@id":"https:\/\/sakiskehagioglou.gr\/sq\/biografi\/","url":"https:\/\/sakiskehagioglou.gr\/sq\/biografi\/","name":"BIOGRAFI | Sakis Kehagioglou","isPartOf":{"@id":"https:\/\/mediumorchid-newt-644648.hostingersite.com\/#website"},"primaryImageOfPage":{"@id":"https:\/\/sakiskehagioglou.gr\/sq\/biografi\/#primaryimage"},"image":{"@id":"https:\/\/sakiskehagioglou.gr\/sq\/biografi\/#primaryimage"},"thumbnailUrl":"https:\/\/sakiskehagioglou.gr\/wp-content\/uploads\/2022\/06\/viografiko-header.jpg","datePublished":"2022-06-03T11:56:33+00:00","dateModified":"2022-07-12T11:52:14+00:00","breadcrumb":{"@id":"https:\/\/sakiskehagioglou.gr\/sq\/biografi\/#breadcrumb"},"inLanguage":"sq-AL","potentialAction":[{"@type":"ReadAction","target":["https:\/\/sakiskehagioglou.gr\/sq\/biografi\/"]}]},{"@type":"ImageObject","inLanguage":"sq-AL","@id":"https:\/\/sakiskehagioglou.gr\/sq\/biografi\/#primaryimage","url":"https:\/\/sakiskehagioglou.gr\/wp-content\/uploads\/2022\/06\/viografiko-header.jpg","contentUrl":"https:\/\/sakiskehagioglou.gr\/wp-content\/uploads\/2022\/06\/viografiko-header.jpg"},{"@type":"BreadcrumbList","@id":"https:\/\/sakiskehagioglou.gr\/sq\/biografi\/#breadcrumb","itemListElement":[{"@type":"ListItem","position":1,"name":"\u0391\u03c1\u03c7\u03b9\u03ba\u03ae","item":"https:\/\/sakiskehagioglou.gr\/sq\/"},{"@type":"ListItem","position":2,"name":"BIOGRAFI"}]},{"@type":"WebSite","@id":"https:\/\/mediumorchid-newt-644648.hostingersite.com\/#website","url":"https:\/\/mediumorchid-newt-644648.hostingersite.com\/","name":"Sakis Kehagioglou","description":"Law Office","publisher":{"@id":"https:\/\/mediumorchid-newt-644648.hostingersite.com\/#organization"},"potentialAction":[{"@type":"SearchAction","target":{"@type":"EntryPoint","urlTemplate":"https:\/\/mediumorchid-newt-644648.hostingersite.com\/?s={search_term_string}"},"query-input":{"@type":"PropertyValueSpecification","valueRequired":true,"valueName":"search_term_string"}}],"inLanguage":"sq-AL"},{"@type":"Organization","@id":"https:\/\/mediumorchid-newt-644648.hostingersite.com\/#organization","name":"Sakis Kehagioglou","url":"https:\/\/mediumorchid-newt-644648.hostingersite.com\/","logo":{"@type":"ImageObject","inLanguage":"sq-AL","@id":"https:\/\/mediumorchid-newt-644648.hostingersite.com\/#\/schema\/logo\/image\/","url":"https:\/\/sakiskehagioglou.gr\/wp-content\/uploads\/2022\/07\/ogimage.png","contentUrl":"https:\/\/sakiskehagioglou.gr\/wp-content\/uploads\/2022\/07\/ogimage.png","width":1200,"height":630,"caption":"Sakis Kehagioglou"},"image":{"@id":"https:\/\/mediumorchid-newt-644648.hostingersite.com\/#\/schema\/logo\/image\/"}}]}},"_links":{"self":[{"href":"https:\/\/sakiskehagioglou.gr\/sq\/wp-json\/wp\/v2\/pages\/15382","targetHints":{"allow":["GET"]}}],"collection":[{"href":"https:\/\/sakiskehagioglou.gr\/sq\/wp-json\/wp\/v2\/pages"}],"about":[{"href":"https:\/\/sakiskehagioglou.gr\/sq\/wp-json\/wp\/v2\/types\/page"}],"author":[{"embeddable":true,"href":"https:\/\/sakiskehagioglou.gr\/sq\/wp-json\/wp\/v2\/users\/1"}],"replies":[{"embeddable":true,"href":"https:\/\/sakiskehagioglou.gr\/sq\/wp-json\/wp\/v2\/comments?post=15382"}],"version-history":[{"count":16,"href":"https:\/\/sakiskehagioglou.gr\/sq\/wp-json\/wp\/v2\/pages\/15382\/revisions"}],"predecessor-version":[{"id":15498,"href":"https:\/\/sakiskehagioglou.gr\/sq\/wp-json\/wp\/v2\/pages\/15382\/revisions\/15498"}],"wp:attachment":[{"href":"https:\/\/sakiskehagioglou.gr\/sq\/wp-json\/wp\/v2\/media?parent=15382"}],"curies":[{"name":"wp","href":"https:\/\/api.w.org\/{rel}","templated":true}]}}