{"id":14179,"date":"2021-12-01T09:52:03","date_gmt":"2021-12-01T06:52:03","guid":{"rendered":"https:\/\/kehagioglou.eproductions.gr\/sakis-kehagioglou\/"},"modified":"2024-11-26T13:37:49","modified_gmt":"2024-11-26T10:37:49","slug":"sakis-kehagioglou","status":"publish","type":"page","link":"https:\/\/sakiskehagioglou.gr\/sq\/","title":{"rendered":"SAKIS KEHAGIOGLOU"},"content":{"rendered":"\t\t<div data-elementor-type=\"wp-page\" data-elementor-id=\"14179\" class=\"elementor elementor-14179 elementor-12594\">\n\t\t\t\t\t\t<section class=\"elementor-section elementor-top-section elementor-element elementor-element-922c1de elementor-section-full_width elementor-section-height-default elementor-section-height-default qodef-elementor-content-no qodef-elementor-back-btn-skin-default qodef-section-title-text-holder-no qodef-section-line-animation-holder-no\" data-id=\"922c1de\" data-element_type=\"section\" data-e-type=\"section\">\n\t\t\t\t\t\t<div class=\"elementor-container elementor-column-gap-default\">\n\t\t\t\t\t<div class=\"elementor-column elementor-col-100 elementor-top-column elementor-element elementor-element-879c3f5\" data-id=\"879c3f5\" data-element_type=\"column\" data-e-type=\"column\">\n\t\t\t<div class=\"elementor-widget-wrap elementor-element-populated\">\n\t\t\t\t\t\t<div class=\"elementor-element elementor-element-74f0a2c elementor-widget elementor-widget-slider_revolution\" data-id=\"74f0a2c\" data-element_type=\"widget\" data-e-type=\"widget\" data-widget_type=\"slider_revolution.default\">\n\t\t\t\t<div class=\"elementor-widget-container\">\n\t\t\t\t\t\r\n\t\t<div class=\"wp-block-themepunch-revslider\">\n\t\t\t<!-- START Home Slider REVOLUTION SLIDER 6.5.19 --><p class=\"rs-p-wp-fix\"><\/p>\n\t\t\t<rs-module-wrap id=\"rev_slider_5_1_wrapper\" data-source=\"gallery\" style=\"visibility:hidden;background:transparent;padding:0;\">\n\t\t\t\t<rs-module id=\"rev_slider_5_1\" style=\"\" data-version=\"6.5.19\">\n\t\t\t\t\t<rs-slides>\n\t\t\t\t\t\t<rs-slide style=\"position: absolute;\" data-key=\"rs-15\" data-title=\"Slide\" data-thumb=\"\/\/sakiskehagioglou.gr\/wp-content\/uploads\/2022\/11\/DSCF0896-50x100.jpg\" data-in=\"o:0;\" data-out=\"a:false;\">\n\t\t\t\t\t\t\t<img fetchpriority=\"high\" decoding=\"async\" src=\"\/\/sakiskehagioglou.gr\/wp-content\/plugins\/revslider\/public\/assets\/assets\/dummy.png\" alt=\"\" title=\"DSCF0896\" width=\"1920\" height=\"1080\" class=\"rev-slidebg tp-rs-img rs-lazyload\" data-lazyload=\"\/\/sakiskehagioglou.gr\/wp-content\/uploads\/2022\/11\/DSCF0896.jpg\" data-no-retina>\n<!--\n\t\t\t\t\t\t\t--><rs-layer\n\t\t\t\t\t\t\t\tid=\"slider-5-slide-15-layer-0\" \n\t\t\t\t\t\t\t\tdata-type=\"text\"\n\t\t\t\t\t\t\t\tdata-xy=\"x:c;xo:0,0,0,-1px;y:m;yo:0,0,30px,10px;\"\n\t\t\t\t\t\t\t\tdata-text=\"w:normal;s:55,55,50,37;l:55,55,50,37;ls:4px;a:center;\"\n\t\t\t\t\t\t\t\tdata-dim=\"w:698.5px,754px,754px,360px;\"\n\t\t\t\t\t\t\t\tdata-basealign=\"slide\"\n\t\t\t\t\t\t\t\tdata-rsp_o=\"off\"\n\t\t\t\t\t\t\t\tdata-rsp_bd=\"off\"\n\t\t\t\t\t\t\t\tdata-frame_0=\"x:-175%;o:1;\"\n\t\t\t\t\t\t\t\tdata-frame_0_mask=\"u:t;x:100%;\"\n\t\t\t\t\t\t\t\tdata-frame_1=\"e:power3.out;sp:1000;\"\n\t\t\t\t\t\t\t\tdata-frame_1_mask=\"u:t;\"\n\t\t\t\t\t\t\t\tdata-frame_999=\"o:0;st:w;\"\n\t\t\t\t\t\t\t\tstyle=\"z-index:5;font-family:'Italiana';text-transform:uppercase;\"\n\t\t\t\t\t\t\t> \n\t\t\t\t\t\t\t<\/rs-layer><!--\n-->\t\t\t\t\t\t<\/rs-slide>\n\t\t\t\t\t\t<rs-slide style=\"position: absolute;\" data-key=\"rs-14\" data-title=\"Slide\" data-thumb=\"\/\/sakiskehagioglou.gr\/wp-content\/uploads\/2022\/11\/DSCF0934-50x100.jpg\" data-in=\"o:0;\" data-out=\"a:false;\">\n\t\t\t\t\t\t\t<img decoding=\"async\" src=\"\/\/sakiskehagioglou.gr\/wp-content\/plugins\/revslider\/public\/assets\/assets\/dummy.png\" alt=\"\" title=\"DSCF0934\" width=\"1920\" height=\"1080\" class=\"rev-slidebg tp-rs-img rs-lazyload\" data-lazyload=\"\/\/sakiskehagioglou.gr\/wp-content\/uploads\/2022\/11\/DSCF0934.jpg\" data-no-retina>\n<!--\n\t\t\t\t\t\t\t--><rs-layer\n\t\t\t\t\t\t\t\tid=\"slider-5-slide-14-layer-0\" \n\t\t\t\t\t\t\t\tdata-type=\"text\"\n\t\t\t\t\t\t\t\tdata-xy=\"x:c;y:m;yo:0,0,30px,10px;\"\n\t\t\t\t\t\t\t\tdata-text=\"w:normal;s:55,55,50,37;l:55,55,50,37;ls:4px;a:center;\"\n\t\t\t\t\t\t\t\tdata-dim=\"w:698.5px,702px,587.989px,357px;\"\n\t\t\t\t\t\t\t\tdata-basealign=\"slide\"\n\t\t\t\t\t\t\t\tdata-rsp_o=\"off\"\n\t\t\t\t\t\t\t\tdata-rsp_bd=\"off\"\n\t\t\t\t\t\t\t\tdata-frame_0=\"x:-175%;o:1;\"\n\t\t\t\t\t\t\t\tdata-frame_0_mask=\"u:t;x:100%;\"\n\t\t\t\t\t\t\t\tdata-frame_1=\"e:power3.out;sp:1000;\"\n\t\t\t\t\t\t\t\tdata-frame_1_mask=\"u:t;\"\n\t\t\t\t\t\t\t\tdata-frame_999=\"o:0;st:w;\"\n\t\t\t\t\t\t\t\tstyle=\"z-index:10;font-family:'Italiana';text-transform:uppercase;\"\n\t\t\t\t\t\t\t> \n\t\t\t\t\t\t\t<\/rs-layer><!--\n-->\t\t\t\t\t\t<\/rs-slide>\n\t\t\t\t\t\t<rs-slide style=\"position: absolute;\" data-key=\"rs-12\" data-title=\"Slide\" data-thumb=\"\/\/sakiskehagioglou.gr\/wp-content\/uploads\/2022\/11\/DSCF0795-50x100.jpg\" data-in=\"o:0;\" data-out=\"a:false;\">\n\t\t\t\t\t\t\t<img decoding=\"async\" src=\"\/\/sakiskehagioglou.gr\/wp-content\/plugins\/revslider\/public\/assets\/assets\/dummy.png\" alt=\"\" title=\"DSCF0795\" width=\"1920\" height=\"1080\" class=\"rev-slidebg tp-rs-img rs-lazyload\" data-lazyload=\"\/\/sakiskehagioglou.gr\/wp-content\/uploads\/2022\/11\/DSCF0795.jpg\" data-no-retina>\n<!--\n\t\t\t\t\t\t\t--><rs-layer\n\t\t\t\t\t\t\t\tid=\"slider-5-slide-12-layer-0\" \n\t\t\t\t\t\t\t\tdata-type=\"text\"\n\t\t\t\t\t\t\t\tdata-xy=\"x:c;y:m;yo:0,0,30px,10px;\"\n\t\t\t\t\t\t\t\tdata-text=\"w:normal;s:55,55,50,37;l:55,55,50,37;ls:4px;a:center;\"\n\t\t\t\t\t\t\t\tdata-dim=\"w:698.5px,735px,625px,354px;\"\n\t\t\t\t\t\t\t\tdata-basealign=\"slide\"\n\t\t\t\t\t\t\t\tdata-rsp_o=\"off\"\n\t\t\t\t\t\t\t\tdata-rsp_bd=\"off\"\n\t\t\t\t\t\t\t\tdata-frame_0=\"x:-175%;o:1;\"\n\t\t\t\t\t\t\t\tdata-frame_0_mask=\"u:t;x:100%;\"\n\t\t\t\t\t\t\t\tdata-frame_1=\"e:power3.out;sp:1000;\"\n\t\t\t\t\t\t\t\tdata-frame_1_mask=\"u:t;\"\n\t\t\t\t\t\t\t\tdata-frame_999=\"o:0;st:w;\"\n\t\t\t\t\t\t\t\tstyle=\"z-index:5;font-family:'Italiana';text-transform:uppercase;\"\n\t\t\t\t\t\t\t> \n\t\t\t\t\t\t\t<\/rs-layer><!--\n-->\t\t\t\t\t\t<\/rs-slide>\n\t\t\t\t\t\t<rs-slide style=\"position: absolute;\" data-key=\"rs-13\" data-title=\"Slide\" data-thumb=\"\/\/sakiskehagioglou.gr\/wp-content\/uploads\/2022\/07\/slider-004-50x100.jpg\" data-in=\"o:0;\" data-out=\"a:false;\">\n\t\t\t\t\t\t\t<img loading=\"lazy\" decoding=\"async\" src=\"\/\/sakiskehagioglou.gr\/wp-content\/plugins\/revslider\/public\/assets\/assets\/dummy.png\" alt=\"\" title=\"slider-004\" width=\"2560\" height=\"1440\" class=\"rev-slidebg tp-rs-img rs-lazyload\" data-lazyload=\"\/\/sakiskehagioglou.gr\/wp-content\/uploads\/2022\/07\/slider-004.jpg\" data-no-retina>\n<!--\n\t\t\t\t\t\t\t--><rs-layer\n\t\t\t\t\t\t\t\tid=\"slider-5-slide-13-layer-0\" \n\t\t\t\t\t\t\t\tdata-type=\"text\"\n\t\t\t\t\t\t\t\tdata-xy=\"x:c;y:m;yo:0,0,30px,10px;\"\n\t\t\t\t\t\t\t\tdata-text=\"w:normal;s:55,55,50,37;l:55,55,50,37;ls:4px;a:center;\"\n\t\t\t\t\t\t\t\tdata-dim=\"w:698.5px,735px,625px,354px;\"\n\t\t\t\t\t\t\t\tdata-basealign=\"slide\"\n\t\t\t\t\t\t\t\tdata-rsp_o=\"off\"\n\t\t\t\t\t\t\t\tdata-rsp_bd=\"off\"\n\t\t\t\t\t\t\t\tdata-frame_0=\"x:-175%;o:1;\"\n\t\t\t\t\t\t\t\tdata-frame_0_mask=\"u:t;x:100%;\"\n\t\t\t\t\t\t\t\tdata-frame_1=\"e:power3.out;sp:1000;\"\n\t\t\t\t\t\t\t\tdata-frame_1_mask=\"u:t;\"\n\t\t\t\t\t\t\t\tdata-frame_999=\"o:0;st:w;\"\n\t\t\t\t\t\t\t\tstyle=\"z-index:5;font-family:'Italiana';text-transform:uppercase;\"\n\t\t\t\t\t\t\t> \n\t\t\t\t\t\t\t<\/rs-layer><!--\n-->\t\t\t\t\t\t<\/rs-slide>\n\t\t\t\t\t<\/rs-slides>\n\t\t\t\t\t<rs-static-layers><!--\n\n\t\t\t\t\t\t\t--><rs-layer\n\t\t\t\t\t\t\t\tid=\"slider-5-slide-5-layer-1\" \n\t\t\t\t\t\t\t\tclass=\"qodef-rev-anchor rs-layer-static\"\n\t\t\t\t\t\t\t\tdata-type=\"text\"\n\t\t\t\t\t\t\t\tdata-xy=\"x:l,l,l,c;xo:54px,54px,54px,0;y:b;yo:50px,50px,50px,100px;\"\n\t\t\t\t\t\t\t\tdata-text=\"w:normal;s:14;l:21;ls:1px;\"\n\t\t\t\t\t\t\t\tdata-actions='o:click;a:scrollbelow;sp:1000ms;e:power1.inOut;'\n\t\t\t\t\t\t\t\tdata-basealign=\"slide\"\n\t\t\t\t\t\t\t\tdata-rsp_o=\"off\"\n\t\t\t\t\t\t\t\tdata-rsp_bd=\"off\"\n\t\t\t\t\t\t\t\tdata-onslides=\"s:1;\"\n\t\t\t\t\t\t\t\tdata-frame_999=\"o:0;st:w;\"\n\t\t\t\t\t\t\t\tstyle=\"z-index:5;font-family:'Jost';\"\n\t\t\t\t\t\t\t>Scroll to discover \n\t\t\t\t\t\t\t<\/rs-layer><!--\n\n\t\t\t\t\t\t\t--><rs-layer\n\t\t\t\t\t\t\t\tid=\"slider-5-slide-5-layer-2\" \n\t\t\t\t\t\t\t\tclass=\"qodef-rev-anchor-bullet rs-layer-static\"\n\t\t\t\t\t\t\t\tdata-type=\"text\"\n\t\t\t\t\t\t\t\tdata-xy=\"x:l,l,l,c;xo:35px,35px,35px,-70px;y:b;yo:37px,37px,37px,87px;\"\n\t\t\t\t\t\t\t\tdata-text=\"w:normal;s:50;l:40;ls:2;\"\n\t\t\t\t\t\t\t\tdata-actions='o:click;a:scrollbelow;sp:1000ms;e:power1.inOut;'\n\t\t\t\t\t\t\t\tdata-basealign=\"slide\"\n\t\t\t\t\t\t\t\tdata-rsp_o=\"off\"\n\t\t\t\t\t\t\t\tdata-rsp_bd=\"off\"\n\t\t\t\t\t\t\t\tdata-onslides=\"s:1;\"\n\t\t\t\t\t\t\t\tdata-frame_999=\"o:0;st:w;\"\n\t\t\t\t\t\t\t\tstyle=\"z-index:5;font-family:'Jost';\"\n\t\t\t\t\t\t\t>\u2022 \n\t\t\t\t\t\t\t<\/rs-layer><!--\n\n\t\t\t\t\t\t\t--><a\n\t\t\t\t\t\t\t\tid=\"slider-5-slide-5-layer-4\" \n\t\t\t\t\t\t\t\tclass=\"rs-layer rs-layer-static\"\n\t\t\t\t\t\t\t\thref=\"https:\/\/www.pinterest.com\/qodeinteractive\/\" target=\"_blank\" rel=\"noopener\"\n\t\t\t\t\t\t\t\tdata-type=\"text\"\n\t\t\t\t\t\t\t\tdata-xy=\"x:r,r,r,c;xo:83px,83px,83px,20px;y:b;yo:50px;\"\n\t\t\t\t\t\t\t\tdata-text=\"w:normal;s:12;l:21;ls:5px;\"\n\t\t\t\t\t\t\t\tdata-basealign=\"slide\"\n\t\t\t\t\t\t\t\tdata-rsp_o=\"off\"\n\t\t\t\t\t\t\t\tdata-rsp_bd=\"off\"\n\t\t\t\t\t\t\t\tdata-onslides=\"s:1;\"\n\t\t\t\t\t\t\t\tdata-frame_999=\"o:0;st:w;\"\n\t\t\t\t\t\t\t\tstyle=\"z-index:6;font-family:'Roboto';text-transform:uppercase;\"\n\t\t\t\t\t\t\t> \n\t\t\t\t\t\t\t<\/a><!--\n\n\t\t\t\t\t\t\t--><a\n\t\t\t\t\t\t\t\tid=\"slider-5-slide-5-layer-5\" \n\t\t\t\t\t\t\t\tclass=\"rs-layer rs-layer-static\"\n\t\t\t\t\t\t\t\thref=\"https:\/\/www.instagram.com\/qodeinteractive\/\" target=\"_blank\" rel=\"noopener\"\n\t\t\t\t\t\t\t\tdata-type=\"text\"\n\t\t\t\t\t\t\t\tdata-xy=\"x:r,r,r,c;xo:124px,124px,124px,-29px;y:b;yo:50px;\"\n\t\t\t\t\t\t\t\tdata-text=\"w:normal;s:12;l:21;ls:5px;\"\n\t\t\t\t\t\t\t\tdata-basealign=\"slide\"\n\t\t\t\t\t\t\t\tdata-rsp_o=\"off\"\n\t\t\t\t\t\t\t\tdata-rsp_bd=\"off\"\n\t\t\t\t\t\t\t\tdata-onslides=\"s:1;\"\n\t\t\t\t\t\t\t\tdata-frame_999=\"o:0;st:w;\"\n\t\t\t\t\t\t\t\tstyle=\"z-index:6;font-family:'Roboto';text-transform:uppercase;\"\n\t\t\t\t\t\t\t> \n\t\t\t\t\t\t\t<\/a><!--\n\n\t\t\t\t\t\t\t--><a\n\t\t\t\t\t\t\t\tid=\"slider-5-slide-5-layer-6\" \n\t\t\t\t\t\t\t\tclass=\"rs-layer rs-layer-static\"\n\t\t\t\t\t\t\t\thref=\"https:\/\/www.facebook.com\/QodeInteractive\/\" target=\"_blank\" rel=\"noopener\"\n\t\t\t\t\t\t\t\tdata-type=\"text\"\n\t\t\t\t\t\t\t\tdata-xy=\"x:r,r,r,c;xo:163px,163px,163px,-70px;y:b;yo:50px;\"\n\t\t\t\t\t\t\t\tdata-text=\"w:normal;s:12;l:21;ls:5px;\"\n\t\t\t\t\t\t\t\tdata-basealign=\"slide\"\n\t\t\t\t\t\t\t\tdata-rsp_o=\"off\"\n\t\t\t\t\t\t\t\tdata-rsp_bd=\"off\"\n\t\t\t\t\t\t\t\tdata-onslides=\"s:1;\"\n\t\t\t\t\t\t\t\tdata-frame_999=\"o:0;st:w;\"\n\t\t\t\t\t\t\t\tstyle=\"z-index:6;font-family:'Roboto';text-transform:uppercase;\"\n\t\t\t\t\t\t\t> \n\t\t\t\t\t\t\t<\/a><!--\n\t\t\t\t\t--><\/rs-static-layers>\n\t\t\t\t<\/rs-module>\n\t\t\t\t<script>\n\t\t\t\t\tsetREVStartSize({c: 'rev_slider_5_1',rl:[1240,1024,778,480],el:[1020,768,770,670],gw:[1920,1024,778,480],gh:[1020,768,770,670],type:'standard',justify:'',layout:'fullscreen',offsetContainer:'',offset:'',mh:\"0\"});if (window.RS_MODULES!==undefined && window.RS_MODULES.modules!==undefined && window.RS_MODULES.modules[\"revslider51\"]!==undefined) {window.RS_MODULES.modules[\"revslider51\"].once = false;window.revapi5 = undefined;if (window.RS_MODULES.checkMinimal!==undefined) window.RS_MODULES.checkMinimal()}\n\t\t\t\t<\/script>\n\t\t\t<\/rs-module-wrap>\n\t\t\t<!-- END REVOLUTION SLIDER -->\n<\/div>\r\n\r\n\t\t\t\t\t\t<\/div>\n\t\t\t\t<\/div>\n\t\t\t\t\t<\/div>\n\t\t<\/div>\n\t\t\t\t\t<\/div>\n\t\t<\/section>\n\t\t\t\t<section class=\"elementor-section elementor-top-section elementor-element elementor-element-16a2087 elementor-section-full_width qodef-elementor-content-grid elementor-section-height-default elementor-section-height-default qodef-elementor-back-btn-skin-default qodef-section-title-text-holder-no qodef-section-line-animation-holder-no\" data-id=\"16a2087\" data-element_type=\"section\" data-e-type=\"section\">\n\t\t\t\t\t\t<div class=\"elementor-container elementor-column-gap-default\">\n\t\t\t\t\t<div class=\"elementor-column elementor-col-100 elementor-top-column elementor-element elementor-element-98c9b2c\" data-id=\"98c9b2c\" data-element_type=\"column\" data-e-type=\"column\">\n\t\t\t<div class=\"elementor-widget-wrap\">\n\t\t\t\t\t\t\t<\/div>\n\t\t<\/div>\n\t\t\t\t\t<\/div>\n\t\t<\/section>\n\t\t\t\t<section class=\"elementor-section elementor-top-section elementor-element elementor-element-54eb33c elementor-section-full_width elementor-section-height-default elementor-section-height-default qodef-elementor-content-no qodef-elementor-back-btn-skin-default qodef-section-title-text-holder-no qodef-section-line-animation-holder-no\" data-id=\"54eb33c\" data-element_type=\"section\" data-e-type=\"section\">\n\t\t\t\t\t\t<div class=\"elementor-container elementor-column-gap-default\">\n\t\t\t\t\t<div class=\"elementor-column elementor-col-50 elementor-top-column elementor-element elementor-element-43bb61a\" data-id=\"43bb61a\" data-element_type=\"column\" data-e-type=\"column\">\n\t\t\t<div class=\"elementor-widget-wrap elementor-element-populated\">\n\t\t\t\t\t\t<div class=\"elementor-element elementor-element-0fe1a2c elementor-widget elementor-widget-madelyn_core_single_image\" data-id=\"0fe1a2c\" data-element_type=\"widget\" data-e-type=\"widget\" data-widget_type=\"madelyn_core_single_image.default\">\n\t\t\t\t<div class=\"elementor-widget-container\">\n\t\t\t\t\t<div class=\"qodef-shortcode qodef-m  qodef-single-image qodef-layout--default  \">\n\t\t<div class=\"qodef-m-image\">\n\t\t\t\t\t<img loading=\"lazy\" decoding=\"async\" width=\"1410\" height=\"1466\" src=\"https:\/\/sakiskehagioglou.gr\/wp-content\/uploads\/2022\/06\/kehagioglou-homepage-1.jpg\" class=\"attachment-full size-full\" alt=\"\" srcset=\"https:\/\/sakiskehagioglou.gr\/wp-content\/uploads\/2022\/06\/kehagioglou-homepage-1.jpg 1410w, https:\/\/sakiskehagioglou.gr\/wp-content\/uploads\/2022\/06\/kehagioglou-homepage-1-289x300.jpg 289w, https:\/\/sakiskehagioglou.gr\/wp-content\/uploads\/2022\/06\/kehagioglou-homepage-1-985x1024.jpg 985w, https:\/\/sakiskehagioglou.gr\/wp-content\/uploads\/2022\/06\/kehagioglou-homepage-1-768x799.jpg 768w\" sizes=\"(max-width: 1410px) 100vw, 1410px\" \/>\t\t\t<\/div>\n<\/div>\n\t\t\t\t<\/div>\n\t\t\t\t<\/div>\n\t\t\t\t\t<\/div>\n\t\t<\/div>\n\t\t\t\t<div class=\"elementor-column elementor-col-50 elementor-top-column elementor-element elementor-element-dc7654a\" data-id=\"dc7654a\" data-element_type=\"column\" data-e-type=\"column\" data-settings=\"{&quot;background_background&quot;:&quot;classic&quot;}\">\n\t\t\t<div class=\"elementor-widget-wrap elementor-element-populated\">\n\t\t\t\t\t\t<div class=\"elementor-element elementor-element-2ee6fd2 elementor-widget elementor-widget-madelyn_core_section_title\" data-id=\"2ee6fd2\" data-element_type=\"widget\" data-e-type=\"widget\" data-widget_type=\"madelyn_core_section_title.default\">\n\t\t\t\t<div class=\"elementor-widget-container\">\n\t\t\t\t\t<div class=\"qodef-shortcode qodef-m  qodef-section-title qodef-alignment--left   \">\n\t\t<h3 class=\"qodef-m-title\" >\n\t\t\t\t\tSakis Kehagioglou\t\t\t<\/h3>\n\t\t<\/div>\n\t\t\t\t<\/div>\n\t\t\t\t<\/div>\n\t\t\t\t<div class=\"elementor-element elementor-element-a3cb14b elementor-widget elementor-widget-madelyn_core_section_title\" data-id=\"a3cb14b\" data-element_type=\"widget\" data-e-type=\"widget\" data-widget_type=\"madelyn_core_section_title.default\">\n\t\t\t\t<div class=\"elementor-widget-container\">\n\t\t\t\t\t<div class=\"qodef-shortcode qodef-m  qodef-section-title qodef-alignment--left qodef-title-break--disabled  \">\n\t\t\t<p class=\"qodef-m-description\" style=\"margin: 0px 0px 10px 50px\">Sakis Kechagioglou lindi n\u00eb Veroia Imathias m\u00eb 16\/12\/1961. Prind\u00ebrit e tij jan\u00eb Theodoros Kechagioglou, n\u00ebnpun\u00ebs i Ark\u00ebs s\u00eb Shtetit dhe Antigoni Tsaousi, m\u00ebsuese. Ka dy v\u00ebllez\u00ebr, Janin q\u00eb \u00ebsht\u00eb n\u00ebnpun\u00ebs banke dhe Nikon, avokat n\u00eb Veroia. Ai q\u00eb n\u00eb mosh\u00ebn e adoleshenc\u00ebs u angazhua me \u00e7\u00ebshtje t\u00eb interesit publik. N\u00eb vitin 1979 u regjistrua n\u00eb Fakultetin e Juridikut t\u00eb Universitetit Aristoteleio n\u00eb Thessaloniki. <\/p>\n\t\t<div class=\"qodef-m-button\">\n\t\t<a class=\"qodef-shortcode qodef-m  qodef-button qodef-layout--outlined  qodef-html--link\" href=\"\/sq\/cv\" target=\"_self\"  style=\"margin: 0 0 0 50px\">\t<span class=\"qodef-m-text\">Read More<\/span><\/a>\t<\/div>\n<\/div>\n\t\t\t\t<\/div>\n\t\t\t\t<\/div>\n\t\t\t\t\t<\/div>\n\t\t<\/div>\n\t\t\t\t\t<\/div>\n\t\t<\/section>\n\t\t\t\t<\/div>\n\t\t","protected":false},"excerpt":{"rendered":"<p>Sakis Kehagioglou Sakis Kechagioglou lindi n\u00eb Veroia Imathias m\u00eb 16\/12\/1961. Prind\u00ebrit e tij jan\u00eb Theodoros Kechagioglou, n\u00ebnpun\u00ebs i Ark\u00ebs s\u00eb Shtetit dhe Antigoni Tsaousi, m\u00ebsuese. Ka dy v\u00ebllez\u00ebr, Janin q\u00eb \u00ebsht\u00eb n\u00ebnpun\u00ebs banke dhe Nikon, avokat n\u00eb Veroia. Ai q\u00eb n\u00eb mosh\u00ebn e adoleshenc\u00ebs u angazhua me \u00e7\u00ebshtje t\u00eb interesit publik. N\u00eb vitin 1979 u [&hellip;]<\/p>\n","protected":false},"author":1,"featured_media":0,"parent":0,"menu_order":0,"comment_status":"closed","ping_status":"closed","template":"page-full-width.php","meta":{"footnotes":""},"class_list":["post-14179","page","type-page","status-publish","hentry"],"yoast_head":"<!-- This site is optimized with the Yoast SEO plugin v27.5 - https:\/\/yoast.com\/product\/yoast-seo-wordpress\/ -->\n<title>SAKIS KEHAGIOGLOU | Sakis Kehagioglou<\/title>\n<meta name=\"robots\" content=\"index, follow, max-snippet:-1, max-image-preview:large, max-video-preview:-1\" \/>\n<link rel=\"canonical\" href=\"https:\/\/sakiskehagioglou.gr\/sq\/\" \/>\n<meta property=\"og:locale\" content=\"sq_AL\" \/>\n<meta property=\"og:type\" content=\"article\" \/>\n<meta property=\"og:title\" content=\"SAKIS KEHAGIOGLOU | Sakis Kehagioglou\" \/>\n<meta property=\"og:description\" content=\"Sakis Kehagioglou Sakis Kechagioglou lindi n\u00eb Veroia Imathias m\u00eb 16\/12\/1961. Prind\u00ebrit e tij jan\u00eb Theodoros Kechagioglou, n\u00ebnpun\u00ebs i Ark\u00ebs s\u00eb Shtetit dhe Antigoni Tsaousi, m\u00ebsuese. Ka dy v\u00ebllez\u00ebr, Janin q\u00eb \u00ebsht\u00eb n\u00ebnpun\u00ebs banke dhe Nikon, avokat n\u00eb Veroia. Ai q\u00eb n\u00eb mosh\u00ebn e adoleshenc\u00ebs u angazhua me \u00e7\u00ebshtje t\u00eb interesit publik. N\u00eb vitin 1979 u [&hellip;]\" \/>\n<meta property=\"og:url\" content=\"https:\/\/sakiskehagioglou.gr\/sq\/\" \/>\n<meta property=\"og:site_name\" content=\"Sakis Kehagioglou\" \/>\n<meta property=\"article:modified_time\" content=\"2024-11-26T10:37:49+00:00\" \/>\n<meta property=\"og:image\" content=\"https:\/\/sakiskehagioglou.gr\/wp-content\/uploads\/2022\/06\/kehagioglou-homepage-1.jpg\" \/>\n<meta name=\"twitter:card\" content=\"summary_large_image\" \/>\n<meta name=\"twitter:label1\" content=\"Est. reading time\" \/>\n\t<meta name=\"twitter:data1\" content=\"1 minute\" \/>\n<script type=\"application\/ld+json\" class=\"yoast-schema-graph\">{\"@context\":\"https:\\\/\\\/schema.org\",\"@graph\":[{\"@type\":\"WebPage\",\"@id\":\"https:\\\/\\\/sakiskehagioglou.gr\\\/sq\\\/\",\"url\":\"https:\\\/\\\/sakiskehagioglou.gr\\\/sq\\\/\",\"name\":\"SAKIS KEHAGIOGLOU | Sakis Kehagioglou\",\"isPartOf\":{\"@id\":\"https:\\\/\\\/mediumorchid-newt-644648.hostingersite.com\\\/#website\"},\"primaryImageOfPage\":{\"@id\":\"https:\\\/\\\/sakiskehagioglou.gr\\\/sq\\\/#primaryimage\"},\"image\":{\"@id\":\"https:\\\/\\\/sakiskehagioglou.gr\\\/sq\\\/#primaryimage\"},\"thumbnailUrl\":\"https:\\\/\\\/sakiskehagioglou.gr\\\/wp-content\\\/uploads\\\/2022\\\/06\\\/kehagioglou-homepage-1.jpg\",\"datePublished\":\"2021-12-01T06:52:03+00:00\",\"dateModified\":\"2024-11-26T10:37:49+00:00\",\"breadcrumb\":{\"@id\":\"https:\\\/\\\/sakiskehagioglou.gr\\\/sq\\\/#breadcrumb\"},\"inLanguage\":\"sq-AL\",\"potentialAction\":[{\"@type\":\"ReadAction\",\"target\":[\"https:\\\/\\\/sakiskehagioglou.gr\\\/sq\\\/\"]}]},{\"@type\":\"ImageObject\",\"inLanguage\":\"sq-AL\",\"@id\":\"https:\\\/\\\/sakiskehagioglou.gr\\\/sq\\\/#primaryimage\",\"url\":\"https:\\\/\\\/sakiskehagioglou.gr\\\/wp-content\\\/uploads\\\/2022\\\/06\\\/kehagioglou-homepage-1.jpg\",\"contentUrl\":\"https:\\\/\\\/sakiskehagioglou.gr\\\/wp-content\\\/uploads\\\/2022\\\/06\\\/kehagioglou-homepage-1.jpg\"},{\"@type\":\"BreadcrumbList\",\"@id\":\"https:\\\/\\\/sakiskehagioglou.gr\\\/sq\\\/#breadcrumb\",\"itemListElement\":[{\"@type\":\"ListItem\",\"position\":1,\"name\":\"\u0391\u03c1\u03c7\u03b9\u03ba\u03ae\",\"item\":\"https:\\\/\\\/sakiskehagioglou.gr\\\/sq\\\/\"},{\"@type\":\"ListItem\",\"position\":2,\"name\":\"SAKIS KEHAGIOGLOU\"}]},{\"@type\":\"WebSite\",\"@id\":\"https:\\\/\\\/mediumorchid-newt-644648.hostingersite.com\\\/#website\",\"url\":\"https:\\\/\\\/mediumorchid-newt-644648.hostingersite.com\\\/\",\"name\":\"Sakis Kehagioglou\",\"description\":\"Law Office\",\"publisher\":{\"@id\":\"https:\\\/\\\/mediumorchid-newt-644648.hostingersite.com\\\/#organization\"},\"potentialAction\":[{\"@type\":\"SearchAction\",\"target\":{\"@type\":\"EntryPoint\",\"urlTemplate\":\"https:\\\/\\\/mediumorchid-newt-644648.hostingersite.com\\\/?s={search_term_string}\"},\"query-input\":{\"@type\":\"PropertyValueSpecification\",\"valueRequired\":true,\"valueName\":\"search_term_string\"}}],\"inLanguage\":\"sq-AL\"},{\"@type\":\"Organization\",\"@id\":\"https:\\\/\\\/mediumorchid-newt-644648.hostingersite.com\\\/#organization\",\"name\":\"Sakis Kehagioglou\",\"url\":\"https:\\\/\\\/mediumorchid-newt-644648.hostingersite.com\\\/\",\"logo\":{\"@type\":\"ImageObject\",\"inLanguage\":\"sq-AL\",\"@id\":\"https:\\\/\\\/mediumorchid-newt-644648.hostingersite.com\\\/#\\\/schema\\\/logo\\\/image\\\/\",\"url\":\"https:\\\/\\\/sakiskehagioglou.gr\\\/wp-content\\\/uploads\\\/2022\\\/07\\\/ogimage.png\",\"contentUrl\":\"https:\\\/\\\/sakiskehagioglou.gr\\\/wp-content\\\/uploads\\\/2022\\\/07\\\/ogimage.png\",\"width\":1200,\"height\":630,\"caption\":\"Sakis Kehagioglou\"},\"image\":{\"@id\":\"https:\\\/\\\/mediumorchid-newt-644648.hostingersite.com\\\/#\\\/schema\\\/logo\\\/image\\\/\"}}]}<\/script>\n<!-- \/ Yoast SEO plugin. -->","yoast_head_json":{"title":"SAKIS KEHAGIOGLOU | Sakis Kehagioglou","robots":{"index":"index","follow":"follow","max-snippet":"max-snippet:-1","max-image-preview":"max-image-preview:large","max-video-preview":"max-video-preview:-1"},"canonical":"https:\/\/sakiskehagioglou.gr\/sq\/","og_locale":"sq_AL","og_type":"article","og_title":"SAKIS KEHAGIOGLOU | Sakis Kehagioglou","og_description":"Sakis Kehagioglou Sakis Kechagioglou lindi n\u00eb Veroia Imathias m\u00eb 16\/12\/1961. Prind\u00ebrit e tij jan\u00eb Theodoros Kechagioglou, n\u00ebnpun\u00ebs i Ark\u00ebs s\u00eb Shtetit dhe Antigoni Tsaousi, m\u00ebsuese. Ka dy v\u00ebllez\u00ebr, Janin q\u00eb \u00ebsht\u00eb n\u00ebnpun\u00ebs banke dhe Nikon, avokat n\u00eb Veroia. Ai q\u00eb n\u00eb mosh\u00ebn e adoleshenc\u00ebs u angazhua me \u00e7\u00ebshtje t\u00eb interesit publik. N\u00eb vitin 1979 u [&hellip;]","og_url":"https:\/\/sakiskehagioglou.gr\/sq\/","og_site_name":"Sakis Kehagioglou","article_modified_time":"2024-11-26T10:37:49+00:00","og_image":[{"url":"https:\/\/sakiskehagioglou.gr\/wp-content\/uploads\/2022\/06\/kehagioglou-homepage-1.jpg","type":"","width":"","height":""}],"twitter_card":"summary_large_image","twitter_misc":{"Est. reading time":"1 minute"},"schema":{"@context":"https:\/\/schema.org","@graph":[{"@type":"WebPage","@id":"https:\/\/sakiskehagioglou.gr\/sq\/","url":"https:\/\/sakiskehagioglou.gr\/sq\/","name":"SAKIS KEHAGIOGLOU | Sakis Kehagioglou","isPartOf":{"@id":"https:\/\/mediumorchid-newt-644648.hostingersite.com\/#website"},"primaryImageOfPage":{"@id":"https:\/\/sakiskehagioglou.gr\/sq\/#primaryimage"},"image":{"@id":"https:\/\/sakiskehagioglou.gr\/sq\/#primaryimage"},"thumbnailUrl":"https:\/\/sakiskehagioglou.gr\/wp-content\/uploads\/2022\/06\/kehagioglou-homepage-1.jpg","datePublished":"2021-12-01T06:52:03+00:00","dateModified":"2024-11-26T10:37:49+00:00","breadcrumb":{"@id":"https:\/\/sakiskehagioglou.gr\/sq\/#breadcrumb"},"inLanguage":"sq-AL","potentialAction":[{"@type":"ReadAction","target":["https:\/\/sakiskehagioglou.gr\/sq\/"]}]},{"@type":"ImageObject","inLanguage":"sq-AL","@id":"https:\/\/sakiskehagioglou.gr\/sq\/#primaryimage","url":"https:\/\/sakiskehagioglou.gr\/wp-content\/uploads\/2022\/06\/kehagioglou-homepage-1.jpg","contentUrl":"https:\/\/sakiskehagioglou.gr\/wp-content\/uploads\/2022\/06\/kehagioglou-homepage-1.jpg"},{"@type":"BreadcrumbList","@id":"https:\/\/sakiskehagioglou.gr\/sq\/#breadcrumb","itemListElement":[{"@type":"ListItem","position":1,"name":"\u0391\u03c1\u03c7\u03b9\u03ba\u03ae","item":"https:\/\/sakiskehagioglou.gr\/sq\/"},{"@type":"ListItem","position":2,"name":"SAKIS KEHAGIOGLOU"}]},{"@type":"WebSite","@id":"https:\/\/mediumorchid-newt-644648.hostingersite.com\/#website","url":"https:\/\/mediumorchid-newt-644648.hostingersite.com\/","name":"Sakis Kehagioglou","description":"Law Office","publisher":{"@id":"https:\/\/mediumorchid-newt-644648.hostingersite.com\/#organization"},"potentialAction":[{"@type":"SearchAction","target":{"@type":"EntryPoint","urlTemplate":"https:\/\/mediumorchid-newt-644648.hostingersite.com\/?s={search_term_string}"},"query-input":{"@type":"PropertyValueSpecification","valueRequired":true,"valueName":"search_term_string"}}],"inLanguage":"sq-AL"},{"@type":"Organization","@id":"https:\/\/mediumorchid-newt-644648.hostingersite.com\/#organization","name":"Sakis Kehagioglou","url":"https:\/\/mediumorchid-newt-644648.hostingersite.com\/","logo":{"@type":"ImageObject","inLanguage":"sq-AL","@id":"https:\/\/mediumorchid-newt-644648.hostingersite.com\/#\/schema\/logo\/image\/","url":"https:\/\/sakiskehagioglou.gr\/wp-content\/uploads\/2022\/07\/ogimage.png","contentUrl":"https:\/\/sakiskehagioglou.gr\/wp-content\/uploads\/2022\/07\/ogimage.png","width":1200,"height":630,"caption":"Sakis Kehagioglou"},"image":{"@id":"https:\/\/mediumorchid-newt-644648.hostingersite.com\/#\/schema\/logo\/image\/"}}]}},"_links":{"self":[{"href":"https:\/\/sakiskehagioglou.gr\/sq\/wp-json\/wp\/v2\/pages\/14179","targetHints":{"allow":["GET"]}}],"collection":[{"href":"https:\/\/sakiskehagioglou.gr\/sq\/wp-json\/wp\/v2\/pages"}],"about":[{"href":"https:\/\/sakiskehagioglou.gr\/sq\/wp-json\/wp\/v2\/types\/page"}],"author":[{"embeddable":true,"href":"https:\/\/sakiskehagioglou.gr\/sq\/wp-json\/wp\/v2\/users\/1"}],"replies":[{"embeddable":true,"href":"https:\/\/sakiskehagioglou.gr\/sq\/wp-json\/wp\/v2\/comments?post=14179"}],"version-history":[{"count":14,"href":"https:\/\/sakiskehagioglou.gr\/sq\/wp-json\/wp\/v2\/pages\/14179\/revisions"}],"predecessor-version":[{"id":15621,"href":"https:\/\/sakiskehagioglou.gr\/sq\/wp-json\/wp\/v2\/pages\/14179\/revisions\/15621"}],"wp:attachment":[{"href":"https:\/\/sakiskehagioglou.gr\/sq\/wp-json\/wp\/v2\/media?parent=14179"}],"curies":[{"name":"wp","href":"https:\/\/api.w.org\/{rel}","templated":true}]}}